{"id":31996,"date":"2026-04-07T15:36:09","date_gmt":"2026-04-07T13:36:09","guid":{"rendered":"https:\/\/action.amnesty.ch\/?page_id=31996"},"modified":"2026-04-09T15:17:44","modified_gmt":"2026-04-09T13:17:44","slug":"petition-loi-peine-de-mort-iopt-2026","status":"publish","type":"page","link":"https:\/\/action.amnesty.ch\/fr\/petition-loi-peine-de-mort-iopt-2026\/","title":{"rendered":"Amnesty International | Petition Todesstrafengesetz IOPT | 2026 | FR"},"content":{"rendered":"","protected":false},"excerpt":{"rendered":"","protected":false},"author":59,"featured_media":0,"parent":0,"menu_order":0,"comment_status":"closed","ping_status":"closed","template":"","meta":{"_acf_changed":false,"_seopress_robots_primary_cat":"","_seopress_titles_title":"Amnesty International | P\u00e9tition : La loi sur la peine de mort doit \u00eatre abrog\u00e9e !","_seopress_titles_desc":"Pour la dignit\u00e9 humaine et contre la peine de mort : la Suisse doit r\u00e9agir \u00e0 la nouvelle loi isra\u00e9lienne en exer\u00e7ant une pression politique.","_seopress_robots_index":"","footnotes":""},"wf_page_folders":[1522],"class_list":["post-31996","page","type-page","status-publish","hentry"],"acf":[],"_links":{"self":[{"href":"https:\/\/action.amnesty.ch\/fr\/wp-json\/wp\/v2\/pages\/31996","targetHints":{"allow":["GET"]}}],"collection":[{"href":"https:\/\/action.amnesty.ch\/fr\/wp-json\/wp\/v2\/pages"}],"about":[{"href":"https:\/\/action.amnesty.ch\/fr\/wp-json\/wp\/v2\/types\/page"}],"author":[{"embeddable":true,"href":"https:\/\/action.amnesty.ch\/fr\/wp-json\/wp\/v2\/users\/59"}],"replies":[{"embeddable":true,"href":"https:\/\/action.amnesty.ch\/fr\/wp-json\/wp\/v2\/comments?post=31996"}],"version-history":[{"count":3,"href":"https:\/\/action.amnesty.ch\/fr\/wp-json\/wp\/v2\/pages\/31996\/revisions"}],"predecessor-version":[{"id":32066,"href":"https:\/\/action.amnesty.ch\/fr\/wp-json\/wp\/v2\/pages\/31996\/revisions\/32066"}],"wp:attachment":[{"href":"https:\/\/action.amnesty.ch\/fr\/wp-json\/wp\/v2\/media?parent=31996"}],"wp:term":[{"taxonomy":"wf_page_folders","embeddable":true,"href":"https:\/\/action.amnesty.ch\/fr\/wp-json\/wp\/v2\/wf_page_folders?post=31996"}],"curies":[{"name":"wp","href":"https:\/\/api.w.org\/{rel}","templated":true}]}}