{"id":31634,"date":"2026-02-16T13:08:55","date_gmt":"2026-02-16T12:08:55","guid":{"rendered":"https:\/\/action.amnesty.ch\/?page_id=31634"},"modified":"2026-02-17T12:01:29","modified_gmt":"2026-02-17T11:01:29","slug":"action-urgente-geza-buzas-habel","status":"publish","type":"page","link":"https:\/\/action.amnesty.ch\/fr\/action-urgente-geza-buzas-habel\/","title":{"rendered":"Amnesty International | Action\u202fUrgente  | G\u00e9za Buz\u00e1s-H\u00e1bel \u2013 Hongrie | FR"},"content":{"rendered":"","protected":false},"excerpt":{"rendered":"","protected":false},"author":59,"featured_media":0,"parent":0,"menu_order":0,"comment_status":"closed","ping_status":"closed","template":"","meta":{"_acf_changed":false,"_seopress_robots_primary_cat":"","_seopress_titles_title":"Amnesty International | Action\u202fUrgente","_seopress_titles_desc":"Soutenez les personnes gravement menac\u00e9es \u2013- signez d\u00e8s maintenant l'action urgente !\u202f","_seopress_robots_index":"","footnotes":""},"wf_page_folders":[1521],"class_list":["post-31634","page","type-page","status-publish","hentry"],"acf":[],"_links":{"self":[{"href":"https:\/\/action.amnesty.ch\/fr\/wp-json\/wp\/v2\/pages\/31634","targetHints":{"allow":["GET"]}}],"collection":[{"href":"https:\/\/action.amnesty.ch\/fr\/wp-json\/wp\/v2\/pages"}],"about":[{"href":"https:\/\/action.amnesty.ch\/fr\/wp-json\/wp\/v2\/types\/page"}],"author":[{"embeddable":true,"href":"https:\/\/action.amnesty.ch\/fr\/wp-json\/wp\/v2\/users\/59"}],"replies":[{"embeddable":true,"href":"https:\/\/action.amnesty.ch\/fr\/wp-json\/wp\/v2\/comments?post=31634"}],"version-history":[{"count":3,"href":"https:\/\/action.amnesty.ch\/fr\/wp-json\/wp\/v2\/pages\/31634\/revisions"}],"predecessor-version":[{"id":31737,"href":"https:\/\/action.amnesty.ch\/fr\/wp-json\/wp\/v2\/pages\/31634\/revisions\/31737"}],"wp:attachment":[{"href":"https:\/\/action.amnesty.ch\/fr\/wp-json\/wp\/v2\/media?parent=31634"}],"wp:term":[{"taxonomy":"wf_page_folders","embeddable":true,"href":"https:\/\/action.amnesty.ch\/fr\/wp-json\/wp\/v2\/wf_page_folders?post=31634"}],"curies":[{"name":"wp","href":"https:\/\/api.w.org\/{rel}","templated":true}]}}