{"id":31134,"date":"2026-01-20T11:23:48","date_gmt":"2026-01-20T10:23:48","guid":{"rendered":"https:\/\/action.amnesty.ch\/?page_id=31134"},"modified":"2026-02-10T15:28:46","modified_gmt":"2026-02-10T14:28:46","slug":"2026-iran-emergency","status":"publish","type":"page","link":"https:\/\/action.amnesty.ch\/fr\/2026-iran-emergency\/","title":{"rendered":"2026 | Iran Emergency | FR | Social Ads"},"content":{"rendered":"","protected":false},"excerpt":{"rendered":"","protected":false},"author":18,"featured_media":0,"parent":0,"menu_order":0,"comment_status":"closed","ping_status":"closed","template":"","meta":{"_acf_changed":false,"_seopress_robots_primary_cat":"","_seopress_titles_title":"Ton don pour les droits humains","_seopress_titles_desc":"La libert\u00e9 ne va pas toujours de soi en ce monde. En nous soutenant financi\u00e8rement, tu nous aides \u00e0 prot\u00e9ger les droits humains. Chaque don compte!","_seopress_robots_index":"yes","footnotes":""},"wf_page_folders":[1499],"class_list":["post-31134","page","type-page","status-publish","hentry"],"acf":[],"_links":{"self":[{"href":"https:\/\/action.amnesty.ch\/fr\/wp-json\/wp\/v2\/pages\/31134","targetHints":{"allow":["GET"]}}],"collection":[{"href":"https:\/\/action.amnesty.ch\/fr\/wp-json\/wp\/v2\/pages"}],"about":[{"href":"https:\/\/action.amnesty.ch\/fr\/wp-json\/wp\/v2\/types\/page"}],"author":[{"embeddable":true,"href":"https:\/\/action.amnesty.ch\/fr\/wp-json\/wp\/v2\/users\/18"}],"replies":[{"embeddable":true,"href":"https:\/\/action.amnesty.ch\/fr\/wp-json\/wp\/v2\/comments?post=31134"}],"version-history":[{"count":1,"href":"https:\/\/action.amnesty.ch\/fr\/wp-json\/wp\/v2\/pages\/31134\/revisions"}],"predecessor-version":[{"id":31556,"href":"https:\/\/action.amnesty.ch\/fr\/wp-json\/wp\/v2\/pages\/31134\/revisions\/31556"}],"wp:attachment":[{"href":"https:\/\/action.amnesty.ch\/fr\/wp-json\/wp\/v2\/media?parent=31134"}],"wp:term":[{"taxonomy":"wf_page_folders","embeddable":true,"href":"https:\/\/action.amnesty.ch\/fr\/wp-json\/wp\/v2\/wf_page_folders?post=31134"}],"curies":[{"name":"wp","href":"https:\/\/api.w.org\/{rel}","templated":true}]}}