{"id":29739,"date":"2025-11-03T09:55:48","date_gmt":"2025-11-03T08:55:48","guid":{"rendered":"https:\/\/action.amnesty.ch\/?page_id=29739"},"modified":"2026-02-17T13:45:18","modified_gmt":"2026-02-17T12:45:18","slug":"amnesty-international-marathon-des-lettres-2025-guerreras-por-la-amazonia-equateur","status":"publish","type":"page","link":"https:\/\/action.amnesty.ch\/fr\/amnesty-international-marathon-des-lettres-2025-guerreras-por-la-amazonia-equateur\/","title":{"rendered":"Amnesty International | Marathon des lettres 2025 | Guerreras por la Amazon\u00eda | \u00c9quateur"},"content":{"rendered":"","protected":false},"excerpt":{"rendered":"","protected":false},"author":23,"featured_media":0,"parent":0,"menu_order":0,"comment_status":"closed","ping_status":"closed","template":"","meta":{"_acf_changed":false,"_seopress_robots_primary_cat":"","_seopress_titles_title":"Amnesty International | Marathon des lettres 2025","_seopress_titles_desc":"Demandez aux autorit\u00e9s \u00e9quatoriennes de mettre fin \u00e0 l'exploitation du gaz et de garantir la s\u00e9curit\u00e9 des militantes pour le climat.","_seopress_robots_index":"","footnotes":""},"wf_page_folders":[1515],"class_list":["post-29739","page","type-page","status-publish","hentry"],"acf":[],"_links":{"self":[{"href":"https:\/\/action.amnesty.ch\/fr\/wp-json\/wp\/v2\/pages\/29739","targetHints":{"allow":["GET"]}}],"collection":[{"href":"https:\/\/action.amnesty.ch\/fr\/wp-json\/wp\/v2\/pages"}],"about":[{"href":"https:\/\/action.amnesty.ch\/fr\/wp-json\/wp\/v2\/types\/page"}],"author":[{"embeddable":true,"href":"https:\/\/action.amnesty.ch\/fr\/wp-json\/wp\/v2\/users\/23"}],"replies":[{"embeddable":true,"href":"https:\/\/action.amnesty.ch\/fr\/wp-json\/wp\/v2\/comments?post=29739"}],"version-history":[{"count":0,"href":"https:\/\/action.amnesty.ch\/fr\/wp-json\/wp\/v2\/pages\/29739\/revisions"}],"wp:attachment":[{"href":"https:\/\/action.amnesty.ch\/fr\/wp-json\/wp\/v2\/media?parent=29739"}],"wp:term":[{"taxonomy":"wf_page_folders","embeddable":true,"href":"https:\/\/action.amnesty.ch\/fr\/wp-json\/wp\/v2\/wf_page_folders?post=29739"}],"curies":[{"name":"wp","href":"https:\/\/api.w.org\/{rel}","templated":true}]}}