{"id":29728,"date":"2025-11-03T09:53:49","date_gmt":"2025-11-03T08:53:49","guid":{"rendered":"https:\/\/action.amnesty.ch\/?page_id=29728"},"modified":"2026-02-17T13:42:48","modified_gmt":"2026-02-17T12:42:48","slug":"amnesty-international-marathon-des-lettres-2025-ellinor-guttorm-utsi-norvege","status":"publish","type":"page","link":"https:\/\/action.amnesty.ch\/fr\/amnesty-international-marathon-des-lettres-2025-ellinor-guttorm-utsi-norvege\/","title":{"rendered":"Amnesty International | Marathon des lettres 2025 | Ellinor Guttorm Utsi | Norv\u00e8ge"},"content":{"rendered":"","protected":false},"excerpt":{"rendered":"","protected":false},"author":23,"featured_media":0,"parent":0,"menu_order":0,"comment_status":"closed","ping_status":"closed","template":"","meta":{"_acf_changed":false,"_seopress_robots_primary_cat":"","_seopress_titles_title":"Amnesty International | Marathon des lettres 2025","_seopress_titles_desc":"Demandez aux autorit\u00e9s norv\u00e9giennes de garantir la protection et les droits de participation des S\u00e1mis.","_seopress_robots_index":"","footnotes":""},"wf_page_folders":[1515],"class_list":["post-29728","page","type-page","status-publish","hentry"],"acf":[],"_links":{"self":[{"href":"https:\/\/action.amnesty.ch\/fr\/wp-json\/wp\/v2\/pages\/29728","targetHints":{"allow":["GET"]}}],"collection":[{"href":"https:\/\/action.amnesty.ch\/fr\/wp-json\/wp\/v2\/pages"}],"about":[{"href":"https:\/\/action.amnesty.ch\/fr\/wp-json\/wp\/v2\/types\/page"}],"author":[{"embeddable":true,"href":"https:\/\/action.amnesty.ch\/fr\/wp-json\/wp\/v2\/users\/23"}],"replies":[{"embeddable":true,"href":"https:\/\/action.amnesty.ch\/fr\/wp-json\/wp\/v2\/comments?post=29728"}],"version-history":[{"count":2,"href":"https:\/\/action.amnesty.ch\/fr\/wp-json\/wp\/v2\/pages\/29728\/revisions"}],"predecessor-version":[{"id":31743,"href":"https:\/\/action.amnesty.ch\/fr\/wp-json\/wp\/v2\/pages\/29728\/revisions\/31743"}],"wp:attachment":[{"href":"https:\/\/action.amnesty.ch\/fr\/wp-json\/wp\/v2\/media?parent=29728"}],"wp:term":[{"taxonomy":"wf_page_folders","embeddable":true,"href":"https:\/\/action.amnesty.ch\/fr\/wp-json\/wp\/v2\/wf_page_folders?post=29728"}],"curies":[{"name":"wp","href":"https:\/\/api.w.org\/{rel}","templated":true}]}}