{"id":28884,"date":"2025-08-05T11:54:41","date_gmt":"2025-08-05T09:54:41","guid":{"rendered":"https:\/\/action.amnesty.ch\/?page_id=28884"},"modified":"2026-02-10T09:47:46","modified_gmt":"2026-02-10T08:47:46","slug":"spendenwelt-mitgliedschaft-alaa-salah-social-ads-fr","status":"publish","type":"page","link":"https:\/\/action.amnesty.ch\/fr\/spendenwelt-mitgliedschaft-alaa-salah-social-ads-fr\/","title":{"rendered":"Spendenwelt | Mitgliedschaft | Sudan Alaa Salah | Social Ads | FR"},"content":{"rendered":"","protected":false},"excerpt":{"rendered":"","protected":false},"author":18,"featured_media":0,"parent":0,"menu_order":0,"comment_status":"closed","ping_status":"closed","template":"","meta":{"_acf_changed":false,"_seopress_robots_primary_cat":"","_seopress_titles_title":"Adh\u00e9rez \u00e0 Amnesty International","_seopress_titles_desc":"Mobilisez-vous pour que tous les \u00eatres humains puissent vivre libres et dignes. Devenez membre d'Amnesty International d\u00e8s aujourd'hui.","_seopress_robots_index":"yes","footnotes":""},"wf_page_folders":[1464],"class_list":["post-28884","page","type-page","status-publish","hentry"],"acf":[],"_links":{"self":[{"href":"https:\/\/action.amnesty.ch\/fr\/wp-json\/wp\/v2\/pages\/28884","targetHints":{"allow":["GET"]}}],"collection":[{"href":"https:\/\/action.amnesty.ch\/fr\/wp-json\/wp\/v2\/pages"}],"about":[{"href":"https:\/\/action.amnesty.ch\/fr\/wp-json\/wp\/v2\/types\/page"}],"author":[{"embeddable":true,"href":"https:\/\/action.amnesty.ch\/fr\/wp-json\/wp\/v2\/users\/18"}],"replies":[{"embeddable":true,"href":"https:\/\/action.amnesty.ch\/fr\/wp-json\/wp\/v2\/comments?post=28884"}],"version-history":[{"count":0,"href":"https:\/\/action.amnesty.ch\/fr\/wp-json\/wp\/v2\/pages\/28884\/revisions"}],"wp:attachment":[{"href":"https:\/\/action.amnesty.ch\/fr\/wp-json\/wp\/v2\/media?parent=28884"}],"wp:term":[{"taxonomy":"wf_page_folders","embeddable":true,"href":"https:\/\/action.amnesty.ch\/fr\/wp-json\/wp\/v2\/wf_page_folders?post=28884"}],"curies":[{"name":"wp","href":"https:\/\/api.w.org\/{rel}","templated":true}]}}