{"id":27807,"date":"2025-03-07T11:08:15","date_gmt":"2025-03-07T10:08:15","guid":{"rendered":"https:\/\/action.amnesty.ch\/?page_id=27807"},"modified":"2026-03-20T11:10:54","modified_gmt":"2026-03-20T10:10:54","slug":"amnesty-international-petition-garantir-le-droit-de-manifester","status":"publish","type":"page","link":"https:\/\/action.amnesty.ch\/fr\/amnesty-international-petition-garantir-le-droit-de-manifester\/","title":{"rendered":"Amnesty International | P\u00e9tition Garantir le droit de manifester"},"content":{"rendered":"","protected":false},"excerpt":{"rendered":"","protected":false},"author":23,"featured_media":0,"parent":0,"menu_order":0,"comment_status":"closed","ping_status":"closed","template":"","meta":{"_acf_changed":false,"_seopress_robots_primary_cat":"","_seopress_titles_title":"Amnesty International | P\u00e9tition : Garantir le droit de manifester !","_seopress_titles_desc":"Les autorit\u00e9s suisses restreignent r\u00e9guli\u00e8rement le droit de manifester par un ensemble de mesures dissuasives et prohibitives. Signez notre p\u00e9tition et demandez aux autorit\u00e9s de garantir le droit de manifester pacifiquement en Suisse.","_seopress_robots_index":"","footnotes":""},"wf_page_folders":[1513],"class_list":["post-27807","page","type-page","status-publish","hentry"],"acf":[],"_links":{"self":[{"href":"https:\/\/action.amnesty.ch\/fr\/wp-json\/wp\/v2\/pages\/27807","targetHints":{"allow":["GET"]}}],"collection":[{"href":"https:\/\/action.amnesty.ch\/fr\/wp-json\/wp\/v2\/pages"}],"about":[{"href":"https:\/\/action.amnesty.ch\/fr\/wp-json\/wp\/v2\/types\/page"}],"author":[{"embeddable":true,"href":"https:\/\/action.amnesty.ch\/fr\/wp-json\/wp\/v2\/users\/23"}],"replies":[{"embeddable":true,"href":"https:\/\/action.amnesty.ch\/fr\/wp-json\/wp\/v2\/comments?post=27807"}],"version-history":[{"count":1,"href":"https:\/\/action.amnesty.ch\/fr\/wp-json\/wp\/v2\/pages\/27807\/revisions"}],"predecessor-version":[{"id":31883,"href":"https:\/\/action.amnesty.ch\/fr\/wp-json\/wp\/v2\/pages\/27807\/revisions\/31883"}],"wp:attachment":[{"href":"https:\/\/action.amnesty.ch\/fr\/wp-json\/wp\/v2\/media?parent=27807"}],"wp:term":[{"taxonomy":"wf_page_folders","embeddable":true,"href":"https:\/\/action.amnesty.ch\/fr\/wp-json\/wp\/v2\/wf_page_folders?post=27807"}],"curies":[{"name":"wp","href":"https:\/\/api.w.org\/{rel}","templated":true}]}}