{"id":27337,"date":"2025-02-20T13:17:34","date_gmt":"2025-02-20T12:17:34","guid":{"rendered":"https:\/\/action.amnesty.ch\/?page_id=27337"},"modified":"2026-02-10T09:48:58","modified_gmt":"2026-02-10T08:48:58","slug":"devenir-membre-usa","status":"publish","type":"page","link":"https:\/\/action.amnesty.ch\/fr\/devenir-membre-usa\/","title":{"rendered":"Spendenwelt | Mitgliedschaft | USA Trump | Social Ads | FR"},"content":{"rendered":"","protected":false},"excerpt":{"rendered":"","protected":false},"author":18,"featured_media":0,"parent":0,"menu_order":0,"comment_status":"closed","ping_status":"closed","template":"","meta":{"_acf_changed":false,"_seopress_robots_primary_cat":"","_seopress_titles_title":"Adh\u00e9rez \u00e0 Amnesty International","_seopress_titles_desc":"Mobilisez-vous pour que tous les \u00eatres humains puissent vivre libres et dignes. Devenez membre d'Amnesty International d\u00e8s aujourd'hui.","_seopress_robots_index":"yes","footnotes":""},"wf_page_folders":[1464],"class_list":["post-27337","page","type-page","status-publish","hentry"],"acf":[],"_links":{"self":[{"href":"https:\/\/action.amnesty.ch\/fr\/wp-json\/wp\/v2\/pages\/27337","targetHints":{"allow":["GET"]}}],"collection":[{"href":"https:\/\/action.amnesty.ch\/fr\/wp-json\/wp\/v2\/pages"}],"about":[{"href":"https:\/\/action.amnesty.ch\/fr\/wp-json\/wp\/v2\/types\/page"}],"author":[{"embeddable":true,"href":"https:\/\/action.amnesty.ch\/fr\/wp-json\/wp\/v2\/users\/18"}],"replies":[{"embeddable":true,"href":"https:\/\/action.amnesty.ch\/fr\/wp-json\/wp\/v2\/comments?post=27337"}],"version-history":[{"count":0,"href":"https:\/\/action.amnesty.ch\/fr\/wp-json\/wp\/v2\/pages\/27337\/revisions"}],"wp:attachment":[{"href":"https:\/\/action.amnesty.ch\/fr\/wp-json\/wp\/v2\/media?parent=27337"}],"wp:term":[{"taxonomy":"wf_page_folders","embeddable":true,"href":"https:\/\/action.amnesty.ch\/fr\/wp-json\/wp\/v2\/wf_page_folders?post=27337"}],"curies":[{"name":"wp","href":"https:\/\/api.w.org\/{rel}","templated":true}]}}