{"id":26125,"date":"2024-09-24T13:26:04","date_gmt":"2024-09-24T11:26:04","guid":{"rendered":"https:\/\/action.amnesty.ch\/?page_id=26125"},"modified":"2024-12-10T08:31:25","modified_gmt":"2024-12-10T07:31:25","slug":"amnesty-international-petition-afghanistan-2024","status":"publish","type":"page","link":"https:\/\/action.amnesty.ch\/fr\/amnesty-international-petition-afghanistan-2024\/","title":{"rendered":"Amnesty International | Petition Afghanistan 2024"},"content":{"rendered":"","protected":false},"excerpt":{"rendered":"","protected":false},"author":23,"featured_media":0,"parent":0,"menu_order":0,"comment_status":"closed","ping_status":"closed","template":"","meta":{"_acf_changed":false,"_seopress_robots_primary_cat":"","_seopress_titles_title":"Amnesty International | P\u00e9tition : Protection et justice pour les femmes en Afghanistan","_seopress_titles_desc":"Signez la p\u00e9tition et demandez \u00e0 la Suisse d'actionner tous les leviers dont elle dispose pour enfin am\u00e9liorer la condition des femmes en Afghanistan.","_seopress_robots_index":"","footnotes":""},"wf_page_folders":[1505],"class_list":["post-26125","page","type-page","status-publish","hentry"],"acf":[],"_links":{"self":[{"href":"https:\/\/action.amnesty.ch\/fr\/wp-json\/wp\/v2\/pages\/26125","targetHints":{"allow":["GET"]}}],"collection":[{"href":"https:\/\/action.amnesty.ch\/fr\/wp-json\/wp\/v2\/pages"}],"about":[{"href":"https:\/\/action.amnesty.ch\/fr\/wp-json\/wp\/v2\/types\/page"}],"author":[{"embeddable":true,"href":"https:\/\/action.amnesty.ch\/fr\/wp-json\/wp\/v2\/users\/23"}],"replies":[{"embeddable":true,"href":"https:\/\/action.amnesty.ch\/fr\/wp-json\/wp\/v2\/comments?post=26125"}],"version-history":[{"count":0,"href":"https:\/\/action.amnesty.ch\/fr\/wp-json\/wp\/v2\/pages\/26125\/revisions"}],"wp:attachment":[{"href":"https:\/\/action.amnesty.ch\/fr\/wp-json\/wp\/v2\/media?parent=26125"}],"wp:term":[{"taxonomy":"wf_page_folders","embeddable":true,"href":"https:\/\/action.amnesty.ch\/fr\/wp-json\/wp\/v2\/wf_page_folders?post=26125"}],"curies":[{"name":"wp","href":"https:\/\/api.w.org\/{rel}","templated":true}]}}