{"id":25826,"date":"2024-09-13T10:37:13","date_gmt":"2024-09-13T08:37:13","guid":{"rendered":"https:\/\/action.amnesty.ch\/?page_id=25826"},"modified":"2025-02-03T08:55:58","modified_gmt":"2025-02-03T07:55:58","slug":"amnesty-international-marathon-des-lettres-2024-neth-nahara","status":"publish","type":"page","link":"https:\/\/action.amnesty.ch\/fr\/amnesty-international-marathon-des-lettres-2024-neth-nahara\/","title":{"rendered":"Amnesty International | Marathon des lettres 2024 | Neth Nahara"},"content":{"rendered":"","protected":false},"excerpt":{"rendered":"","protected":false},"author":23,"featured_media":0,"parent":0,"menu_order":0,"comment_status":"closed","ping_status":"closed","template":"","meta":{"_acf_changed":false,"_seopress_robots_primary_cat":"","_seopress_titles_title":"Amnesty International | Marathon des lettres 2024 | P\u00e9tition : Lib\u00e9rez Neth Nahara!","_seopress_titles_desc":"Engage-toi pour la lib\u00e9ration de Neth Nahara et pour le droit \u00e0 la libert\u00e9 d'expression en Angola. Signe la p\u00e9tition !","_seopress_robots_index":"","footnotes":""},"wf_page_folders":[1504],"class_list":["post-25826","page","type-page","status-publish","hentry"],"acf":[],"_links":{"self":[{"href":"https:\/\/action.amnesty.ch\/fr\/wp-json\/wp\/v2\/pages\/25826","targetHints":{"allow":["GET"]}}],"collection":[{"href":"https:\/\/action.amnesty.ch\/fr\/wp-json\/wp\/v2\/pages"}],"about":[{"href":"https:\/\/action.amnesty.ch\/fr\/wp-json\/wp\/v2\/types\/page"}],"author":[{"embeddable":true,"href":"https:\/\/action.amnesty.ch\/fr\/wp-json\/wp\/v2\/users\/23"}],"replies":[{"embeddable":true,"href":"https:\/\/action.amnesty.ch\/fr\/wp-json\/wp\/v2\/comments?post=25826"}],"version-history":[{"count":0,"href":"https:\/\/action.amnesty.ch\/fr\/wp-json\/wp\/v2\/pages\/25826\/revisions"}],"wp:attachment":[{"href":"https:\/\/action.amnesty.ch\/fr\/wp-json\/wp\/v2\/media?parent=25826"}],"wp:term":[{"taxonomy":"wf_page_folders","embeddable":true,"href":"https:\/\/action.amnesty.ch\/fr\/wp-json\/wp\/v2\/wf_page_folders?post=25826"}],"curies":[{"name":"wp","href":"https:\/\/api.w.org\/{rel}","templated":true}]}}