{"id":25823,"date":"2024-09-13T10:43:09","date_gmt":"2024-09-13T08:43:09","guid":{"rendered":"https:\/\/action.amnesty.ch\/?page_id=25823"},"modified":"2025-02-03T08:58:27","modified_gmt":"2025-02-03T07:58:27","slug":"amnesty-international-marathon-des-lettres-2024-oqba-hashad","status":"publish","type":"page","link":"https:\/\/action.amnesty.ch\/fr\/amnesty-international-marathon-des-lettres-2024-oqba-hashad\/","title":{"rendered":"Amnesty International | Marathon des lettres 2024 | Oqba Hashad"},"content":{"rendered":"","protected":false},"excerpt":{"rendered":"","protected":false},"author":23,"featured_media":0,"parent":0,"menu_order":0,"comment_status":"closed","ping_status":"closed","template":"","meta":{"_acf_changed":false,"_seopress_robots_primary_cat":"","_seopress_titles_title":"Amnesty International | Marathon des lettres 2024 | P\u00e9tition : Libert\u00e9 pour Oqba Hashad !","_seopress_titles_desc":"ngage-toi pour la lib\u00e9ration d'Oqba Hashad. Signe la p\u00e9tition maintenant !","_seopress_robots_index":"","footnotes":""},"wf_page_folders":[1504],"class_list":["post-25823","page","type-page","status-publish","hentry"],"acf":[],"_links":{"self":[{"href":"https:\/\/action.amnesty.ch\/fr\/wp-json\/wp\/v2\/pages\/25823","targetHints":{"allow":["GET"]}}],"collection":[{"href":"https:\/\/action.amnesty.ch\/fr\/wp-json\/wp\/v2\/pages"}],"about":[{"href":"https:\/\/action.amnesty.ch\/fr\/wp-json\/wp\/v2\/types\/page"}],"author":[{"embeddable":true,"href":"https:\/\/action.amnesty.ch\/fr\/wp-json\/wp\/v2\/users\/23"}],"replies":[{"embeddable":true,"href":"https:\/\/action.amnesty.ch\/fr\/wp-json\/wp\/v2\/comments?post=25823"}],"version-history":[{"count":0,"href":"https:\/\/action.amnesty.ch\/fr\/wp-json\/wp\/v2\/pages\/25823\/revisions"}],"wp:attachment":[{"href":"https:\/\/action.amnesty.ch\/fr\/wp-json\/wp\/v2\/media?parent=25823"}],"wp:term":[{"taxonomy":"wf_page_folders","embeddable":true,"href":"https:\/\/action.amnesty.ch\/fr\/wp-json\/wp\/v2\/wf_page_folders?post=25823"}],"curies":[{"name":"wp","href":"https:\/\/api.w.org\/{rel}","templated":true}]}}