{"id":25807,"date":"2024-09-13T10:47:56","date_gmt":"2024-09-13T08:47:56","guid":{"rendered":"https:\/\/action.amnesty.ch\/?page_id=25807"},"modified":"2024-11-29T11:19:30","modified_gmt":"2024-11-29T10:19:30","slug":"amnesty-international-marathon-des-lettres-2024-confirmation","status":"publish","type":"page","link":"https:\/\/action.amnesty.ch\/fr\/amnesty-international-marathon-des-lettres-2024-confirmation\/","title":{"rendered":"Amnesty International | Marathon des lettres 2024 | Confirmation"},"content":{"rendered":"","protected":false},"excerpt":{"rendered":"","protected":false},"author":23,"featured_media":0,"parent":0,"menu_order":0,"comment_status":"closed","ping_status":"closed","template":"","meta":{"_acf_changed":false,"_seopress_robots_primary_cat":"","_seopress_titles_title":"Amnesty International | Marathon des lettres","_seopress_titles_desc":"Par ce simple geste, vous pourrez aider six d\u00e9fenseur\u2219euse\u2219x\u2219s des droits humains \u00e0 acc\u00e9der \u00e0 un avenir meilleur.","_seopress_robots_index":"","footnotes":""},"wf_page_folders":[1504],"class_list":["post-25807","page","type-page","status-publish","hentry"],"acf":[],"_links":{"self":[{"href":"https:\/\/action.amnesty.ch\/fr\/wp-json\/wp\/v2\/pages\/25807","targetHints":{"allow":["GET"]}}],"collection":[{"href":"https:\/\/action.amnesty.ch\/fr\/wp-json\/wp\/v2\/pages"}],"about":[{"href":"https:\/\/action.amnesty.ch\/fr\/wp-json\/wp\/v2\/types\/page"}],"author":[{"embeddable":true,"href":"https:\/\/action.amnesty.ch\/fr\/wp-json\/wp\/v2\/users\/23"}],"replies":[{"embeddable":true,"href":"https:\/\/action.amnesty.ch\/fr\/wp-json\/wp\/v2\/comments?post=25807"}],"version-history":[{"count":0,"href":"https:\/\/action.amnesty.ch\/fr\/wp-json\/wp\/v2\/pages\/25807\/revisions"}],"wp:attachment":[{"href":"https:\/\/action.amnesty.ch\/fr\/wp-json\/wp\/v2\/media?parent=25807"}],"wp:term":[{"taxonomy":"wf_page_folders","embeddable":true,"href":"https:\/\/action.amnesty.ch\/fr\/wp-json\/wp\/v2\/wf_page_folders?post=25807"}],"curies":[{"name":"wp","href":"https:\/\/api.w.org\/{rel}","templated":true}]}}