{"id":25799,"date":"2024-09-13T10:31:56","date_gmt":"2024-09-13T08:31:56","guid":{"rendered":"https:\/\/action.amnesty.ch\/?page_id=25799"},"modified":"2025-02-03T09:03:45","modified_gmt":"2025-02-03T08:03:45","slug":"amnesty-international-marathon-des-lettres-2024-maryia-kalesnikava","status":"publish","type":"page","link":"https:\/\/action.amnesty.ch\/fr\/amnesty-international-marathon-des-lettres-2024-maryia-kalesnikava\/","title":{"rendered":"Amnesty International | Marathon des lettres 2024 | Maryia Kalesnikava"},"content":{"rendered":"","protected":false},"excerpt":{"rendered":"","protected":false},"author":23,"featured_media":0,"parent":0,"menu_order":0,"comment_status":"closed","ping_status":"closed","template":"","meta":{"_acf_changed":false,"_seopress_robots_primary_cat":"","_seopress_titles_title":"Amnesty International | Marathon des lettres 2024 | P\u00e9tition: Libert\u00e9 pour Maryia Kalesnikava","_seopress_titles_desc":"Demande au ministre des Affaires \u00e9trang\u00e8res de Bi\u00e9lorussie de lib\u00e9rer imm\u00e9diatement Maryia Kalesnikava et d'annuler sa condamnation. Signe la p\u00e9tition d\u00e8s maintenant !","_seopress_robots_index":"","footnotes":""},"wf_page_folders":[1504],"class_list":["post-25799","page","type-page","status-publish","hentry"],"acf":[],"_links":{"self":[{"href":"https:\/\/action.amnesty.ch\/fr\/wp-json\/wp\/v2\/pages\/25799","targetHints":{"allow":["GET"]}}],"collection":[{"href":"https:\/\/action.amnesty.ch\/fr\/wp-json\/wp\/v2\/pages"}],"about":[{"href":"https:\/\/action.amnesty.ch\/fr\/wp-json\/wp\/v2\/types\/page"}],"author":[{"embeddable":true,"href":"https:\/\/action.amnesty.ch\/fr\/wp-json\/wp\/v2\/users\/23"}],"replies":[{"embeddable":true,"href":"https:\/\/action.amnesty.ch\/fr\/wp-json\/wp\/v2\/comments?post=25799"}],"version-history":[{"count":0,"href":"https:\/\/action.amnesty.ch\/fr\/wp-json\/wp\/v2\/pages\/25799\/revisions"}],"wp:attachment":[{"href":"https:\/\/action.amnesty.ch\/fr\/wp-json\/wp\/v2\/media?parent=25799"}],"wp:term":[{"taxonomy":"wf_page_folders","embeddable":true,"href":"https:\/\/action.amnesty.ch\/fr\/wp-json\/wp\/v2\/wf_page_folders?post=25799"}],"curies":[{"name":"wp","href":"https:\/\/api.w.org\/{rel}","templated":true}]}}