{"id":25131,"date":"2024-05-21T13:44:13","date_gmt":"2024-05-21T11:44:13","guid":{"rendered":"https:\/\/action.amnesty.ch\/?page_id=25131"},"modified":"2024-05-23T07:59:52","modified_gmt":"2024-05-23T05:59:52","slug":"amnesty-international-petition-plus-de-droits-humains-dans-le-sport-confirmation","status":"publish","type":"page","link":"https:\/\/action.amnesty.ch\/fr\/amnesty-international-petition-plus-de-droits-humains-dans-le-sport-confirmation\/","title":{"rendered":"Amnesty International | P\u00e9tition : Plus de droits humains dans le sport | Confirmation"},"content":{"rendered":"","protected":false},"excerpt":{"rendered":"","protected":false},"author":23,"featured_media":0,"parent":0,"menu_order":0,"comment_status":"closed","ping_status":"closed","template":"","meta":{"_acf_changed":false,"_seopress_robots_primary_cat":"","_seopress_titles_title":"Amnesty International | P\u00e9tition : Plus de droits humains dans le sport","_seopress_titles_desc":"Signez notre p\u00e9tition et demandez au gouvernement suisse de veiller \u00e0 ce que les f\u00e9d\u00e9rations sportives respectent les droits humains.","_seopress_robots_index":"","footnotes":""},"wf_page_folders":[1495],"class_list":["post-25131","page","type-page","status-publish","hentry"],"acf":[],"_links":{"self":[{"href":"https:\/\/action.amnesty.ch\/fr\/wp-json\/wp\/v2\/pages\/25131","targetHints":{"allow":["GET"]}}],"collection":[{"href":"https:\/\/action.amnesty.ch\/fr\/wp-json\/wp\/v2\/pages"}],"about":[{"href":"https:\/\/action.amnesty.ch\/fr\/wp-json\/wp\/v2\/types\/page"}],"author":[{"embeddable":true,"href":"https:\/\/action.amnesty.ch\/fr\/wp-json\/wp\/v2\/users\/23"}],"replies":[{"embeddable":true,"href":"https:\/\/action.amnesty.ch\/fr\/wp-json\/wp\/v2\/comments?post=25131"}],"version-history":[{"count":0,"href":"https:\/\/action.amnesty.ch\/fr\/wp-json\/wp\/v2\/pages\/25131\/revisions"}],"wp:attachment":[{"href":"https:\/\/action.amnesty.ch\/fr\/wp-json\/wp\/v2\/media?parent=25131"}],"wp:term":[{"taxonomy":"wf_page_folders","embeddable":true,"href":"https:\/\/action.amnesty.ch\/fr\/wp-json\/wp\/v2\/wf_page_folders?post=25131"}],"curies":[{"name":"wp","href":"https:\/\/api.w.org\/{rel}","templated":true}]}}