{"id":24009,"date":"2024-02-28T08:43:40","date_gmt":"2024-02-28T07:43:40","guid":{"rendered":"https:\/\/action.amnesty.ch\/?page_id=24009"},"modified":"2024-03-01T08:28:12","modified_gmt":"2024-03-01T07:28:12","slug":"amnesty-international-petition-unrwa-confirmation","status":"publish","type":"page","link":"https:\/\/action.amnesty.ch\/fr\/amnesty-international-petition-unrwa-confirmation\/","title":{"rendered":"Amnesty International | Petition UNRWA | Confirmation"},"content":{"rendered":"","protected":false},"excerpt":{"rendered":"","protected":false},"author":23,"featured_media":0,"parent":0,"menu_order":0,"comment_status":"closed","ping_status":"closed","template":"","meta":{"_acf_changed":false,"_seopress_robots_primary_cat":"","_seopress_titles_title":"Amnesty International | P\u00e9tition : aide humanitaire pour Gaza!","_seopress_titles_desc":"Priez instamment le Conseil f\u00e9d\u00e9ral et le Parlement de continuer \u00e0 financer l\u2019UNRWA et de s\u2019engager pour un cessez-le-feu !","_seopress_robots_index":"","footnotes":""},"wf_page_folders":[1496],"class_list":["post-24009","page","type-page","status-publish","hentry"],"acf":[],"_links":{"self":[{"href":"https:\/\/action.amnesty.ch\/fr\/wp-json\/wp\/v2\/pages\/24009","targetHints":{"allow":["GET"]}}],"collection":[{"href":"https:\/\/action.amnesty.ch\/fr\/wp-json\/wp\/v2\/pages"}],"about":[{"href":"https:\/\/action.amnesty.ch\/fr\/wp-json\/wp\/v2\/types\/page"}],"author":[{"embeddable":true,"href":"https:\/\/action.amnesty.ch\/fr\/wp-json\/wp\/v2\/users\/23"}],"replies":[{"embeddable":true,"href":"https:\/\/action.amnesty.ch\/fr\/wp-json\/wp\/v2\/comments?post=24009"}],"version-history":[{"count":0,"href":"https:\/\/action.amnesty.ch\/fr\/wp-json\/wp\/v2\/pages\/24009\/revisions"}],"wp:attachment":[{"href":"https:\/\/action.amnesty.ch\/fr\/wp-json\/wp\/v2\/media?parent=24009"}],"wp:term":[{"taxonomy":"wf_page_folders","embeddable":true,"href":"https:\/\/action.amnesty.ch\/fr\/wp-json\/wp\/v2\/wf_page_folders?post=24009"}],"curies":[{"name":"wp","href":"https:\/\/api.w.org\/{rel}","templated":true}]}}