{"id":24006,"date":"2024-02-27T16:37:27","date_gmt":"2024-02-27T15:37:27","guid":{"rendered":"https:\/\/action.amnesty.ch\/?page_id=24006"},"modified":"2024-04-24T16:02:18","modified_gmt":"2024-04-24T14:02:18","slug":"amnesty-international-petition-unrwa","status":"publish","type":"page","link":"https:\/\/action.amnesty.ch\/fr\/amnesty-international-petition-unrwa\/","title":{"rendered":"Amnesty International | Petition UNRWA"},"content":{"rendered":"","protected":false},"excerpt":{"rendered":"","protected":false},"author":23,"featured_media":0,"parent":0,"menu_order":0,"comment_status":"closed","ping_status":"closed","template":"","meta":{"_acf_changed":false,"_seopress_robots_primary_cat":"","_seopress_titles_title":"Amnesty International | P\u00e9tition: aide humanitaire pour Gaza!","_seopress_titles_desc":"Priez instamment le Conseil f\u00e9d\u00e9ral et le Parlement de continuer \u00e0 financer l\u2019UNRWA et de s\u2019engager pour un cessez-le-feu!","_seopress_robots_index":"","footnotes":""},"wf_page_folders":[1496],"class_list":["post-24006","page","type-page","status-publish","hentry"],"acf":[],"_links":{"self":[{"href":"https:\/\/action.amnesty.ch\/fr\/wp-json\/wp\/v2\/pages\/24006","targetHints":{"allow":["GET"]}}],"collection":[{"href":"https:\/\/action.amnesty.ch\/fr\/wp-json\/wp\/v2\/pages"}],"about":[{"href":"https:\/\/action.amnesty.ch\/fr\/wp-json\/wp\/v2\/types\/page"}],"author":[{"embeddable":true,"href":"https:\/\/action.amnesty.ch\/fr\/wp-json\/wp\/v2\/users\/23"}],"replies":[{"embeddable":true,"href":"https:\/\/action.amnesty.ch\/fr\/wp-json\/wp\/v2\/comments?post=24006"}],"version-history":[{"count":0,"href":"https:\/\/action.amnesty.ch\/fr\/wp-json\/wp\/v2\/pages\/24006\/revisions"}],"wp:attachment":[{"href":"https:\/\/action.amnesty.ch\/fr\/wp-json\/wp\/v2\/media?parent=24006"}],"wp:term":[{"taxonomy":"wf_page_folders","embeddable":true,"href":"https:\/\/action.amnesty.ch\/fr\/wp-json\/wp\/v2\/wf_page_folders?post=24006"}],"curies":[{"name":"wp","href":"https:\/\/api.w.org\/{rel}","templated":true}]}}