{"id":23969,"date":"2024-02-28T13:19:09","date_gmt":"2024-02-28T12:19:09","guid":{"rendered":"https:\/\/action.amnesty.ch\/?page_id=23969"},"modified":"2024-12-06T08:35:06","modified_gmt":"2024-12-06T07:35:06","slug":"amnesty-international-kingdom-of-repression","status":"publish","type":"page","link":"https:\/\/action.amnesty.ch\/fr\/amnesty-international-kingdom-of-repression\/","title":{"rendered":"Amnesty International | Saudi-Arabien | Kingdom of Repression"},"content":{"rendered":"","protected":false},"excerpt":{"rendered":"","protected":false},"author":23,"featured_media":0,"parent":0,"menu_order":0,"comment_status":"closed","ping_status":"closed","template":"","meta":{"_acf_changed":false,"_seopress_robots_primary_cat":"","_seopress_titles_title":"Amnesty International | P\u00e9tition: Arabie saoudite - libert\u00e9 pour les voix du changement!","_seopress_titles_desc":"Signez notre p\u00e9tition et demandez au gouvernement saoudien de lib\u00e9rer toutes les personnes injustement emprisonn\u00e9es pour avoir exprim\u00e9 pacifiquement leur opinion.","_seopress_robots_index":"","footnotes":""},"wf_page_folders":[1495],"class_list":["post-23969","page","type-page","status-publish","hentry"],"acf":[],"_links":{"self":[{"href":"https:\/\/action.amnesty.ch\/fr\/wp-json\/wp\/v2\/pages\/23969","targetHints":{"allow":["GET"]}}],"collection":[{"href":"https:\/\/action.amnesty.ch\/fr\/wp-json\/wp\/v2\/pages"}],"about":[{"href":"https:\/\/action.amnesty.ch\/fr\/wp-json\/wp\/v2\/types\/page"}],"author":[{"embeddable":true,"href":"https:\/\/action.amnesty.ch\/fr\/wp-json\/wp\/v2\/users\/23"}],"replies":[{"embeddable":true,"href":"https:\/\/action.amnesty.ch\/fr\/wp-json\/wp\/v2\/comments?post=23969"}],"version-history":[{"count":0,"href":"https:\/\/action.amnesty.ch\/fr\/wp-json\/wp\/v2\/pages\/23969\/revisions"}],"wp:attachment":[{"href":"https:\/\/action.amnesty.ch\/fr\/wp-json\/wp\/v2\/media?parent=23969"}],"wp:term":[{"taxonomy":"wf_page_folders","embeddable":true,"href":"https:\/\/action.amnesty.ch\/fr\/wp-json\/wp\/v2\/wf_page_folders?post=23969"}],"curies":[{"name":"wp","href":"https:\/\/api.w.org\/{rel}","templated":true}]}}