{"id":22922,"date":"2023-11-06T15:27:18","date_gmt":"2023-11-06T14:27:18","guid":{"rendered":"https:\/\/action.amnesty.ch\/?page_id=22922"},"modified":"2024-04-24T16:00:46","modified_gmt":"2024-04-24T14:00:46","slug":"amnesty-international-petition-israel-opt-2023","status":"publish","type":"page","link":"https:\/\/action.amnesty.ch\/fr\/amnesty-international-petition-israel-opt-2023\/","title":{"rendered":"Amnesty International | P\u00e9tition Isra\u00ebl\/OPT | Un cessez-le-feu maintenant"},"content":{"rendered":"","protected":false},"excerpt":{"rendered":"","protected":false},"author":23,"featured_media":0,"parent":0,"menu_order":0,"comment_status":"closed","ping_status":"closed","template":"","meta":{"_acf_changed":false,"_seopress_robots_primary_cat":"","_seopress_titles_title":"Amnesty International | P\u00e9tition Isra\u00ebl\/OPT | Un cessez-le-feu maintenant","_seopress_titles_desc":"Signez notre p\u00e9tition et insistez aupr\u00e8s des responsables gouvernementaux pour qu'iels exigent un cessez-le-feu imm\u00e9diat et mettent un terme \u00e0 la catastrophe humanitaire qui se poursuit \u00e0 Gaza.","_seopress_robots_index":"","footnotes":""},"wf_page_folders":[1493],"class_list":["post-22922","page","type-page","status-publish","hentry"],"acf":[],"_links":{"self":[{"href":"https:\/\/action.amnesty.ch\/fr\/wp-json\/wp\/v2\/pages\/22922","targetHints":{"allow":["GET"]}}],"collection":[{"href":"https:\/\/action.amnesty.ch\/fr\/wp-json\/wp\/v2\/pages"}],"about":[{"href":"https:\/\/action.amnesty.ch\/fr\/wp-json\/wp\/v2\/types\/page"}],"author":[{"embeddable":true,"href":"https:\/\/action.amnesty.ch\/fr\/wp-json\/wp\/v2\/users\/23"}],"replies":[{"embeddable":true,"href":"https:\/\/action.amnesty.ch\/fr\/wp-json\/wp\/v2\/comments?post=22922"}],"version-history":[{"count":0,"href":"https:\/\/action.amnesty.ch\/fr\/wp-json\/wp\/v2\/pages\/22922\/revisions"}],"wp:attachment":[{"href":"https:\/\/action.amnesty.ch\/fr\/wp-json\/wp\/v2\/media?parent=22922"}],"wp:term":[{"taxonomy":"wf_page_folders","embeddable":true,"href":"https:\/\/action.amnesty.ch\/fr\/wp-json\/wp\/v2\/wf_page_folders?post=22922"}],"curies":[{"name":"wp","href":"https:\/\/api.w.org\/{rel}","templated":true}]}}