{"id":22088,"date":"2023-10-11T16:06:44","date_gmt":"2023-10-11T14:06:44","guid":{"rendered":"https:\/\/action.amnesty.ch\/?page_id=22088"},"modified":"2023-12-05T13:25:35","modified_gmt":"2023-12-05T12:25:35","slug":"amnesty-international-marathon-des-lettres-2023-action-de-solidarite","status":"publish","type":"page","link":"https:\/\/action.amnesty.ch\/fr\/amnesty-international-marathon-des-lettres-2023-action-de-solidarite\/","title":{"rendered":"Amnesty International | Marathon des lettres 2023 | Action de solidarit\u00e9"},"content":{"rendered":"","protected":false},"excerpt":{"rendered":"","protected":false},"author":23,"featured_media":0,"parent":0,"menu_order":0,"comment_status":"closed","ping_status":"closed","template":"","meta":{"_acf_changed":false,"_seopress_robots_primary_cat":"","_seopress_titles_title":"Amnesty International | Marathon des lettres 2023","_seopress_titles_desc":"En plus des lettres et des p\u00e9titions en ligne, il est \u00e9galement important de t\u00e9moigner directement notre soutien aux d\u00e9fenseuses et d\u00e9fenseurs des droits humains.","_seopress_robots_index":"","footnotes":""},"wf_page_folders":[1491],"class_list":["post-22088","page","type-page","status-publish","hentry"],"acf":[],"_links":{"self":[{"href":"https:\/\/action.amnesty.ch\/fr\/wp-json\/wp\/v2\/pages\/22088","targetHints":{"allow":["GET"]}}],"collection":[{"href":"https:\/\/action.amnesty.ch\/fr\/wp-json\/wp\/v2\/pages"}],"about":[{"href":"https:\/\/action.amnesty.ch\/fr\/wp-json\/wp\/v2\/types\/page"}],"author":[{"embeddable":true,"href":"https:\/\/action.amnesty.ch\/fr\/wp-json\/wp\/v2\/users\/23"}],"replies":[{"embeddable":true,"href":"https:\/\/action.amnesty.ch\/fr\/wp-json\/wp\/v2\/comments?post=22088"}],"version-history":[{"count":0,"href":"https:\/\/action.amnesty.ch\/fr\/wp-json\/wp\/v2\/pages\/22088\/revisions"}],"wp:attachment":[{"href":"https:\/\/action.amnesty.ch\/fr\/wp-json\/wp\/v2\/media?parent=22088"}],"wp:term":[{"taxonomy":"wf_page_folders","embeddable":true,"href":"https:\/\/action.amnesty.ch\/fr\/wp-json\/wp\/v2\/wf_page_folders?post=22088"}],"curies":[{"name":"wp","href":"https:\/\/api.w.org\/{rel}","templated":true}]}}