{"id":20794,"date":"2023-09-13T16:28:12","date_gmt":"2023-09-13T14:28:12","guid":{"rendered":"https:\/\/action.amnesty.ch\/?page_id=20794"},"modified":"2026-04-14T10:21:53","modified_gmt":"2026-04-14T08:21:53","slug":"monde-du-don","status":"publish","type":"page","link":"https:\/\/action.amnesty.ch\/fr\/","title":{"rendered":"Spendenwelt | Hauptseite | FR"},"content":{"rendered":"","protected":false},"excerpt":{"rendered":"","protected":false},"author":59,"featured_media":0,"parent":0,"menu_order":0,"comment_status":"closed","ping_status":"closed","template":"","meta":{"_acf_changed":false,"_seopress_robots_primary_cat":"","_seopress_titles_title":"Un don pour les droits humains | Amnesty International","_seopress_titles_desc":"D\u00e9fendez la libert\u00e9, la dignit\u00e9 et la justice pour tout le monde. En faisant un don \u00e0 Amnesty International, vous prot\u00e9gez les personnes et leurs droits.","_seopress_robots_index":"","footnotes":""},"wf_page_folders":[1464],"class_list":["post-20794","page","type-page","status-publish","hentry"],"acf":[],"_links":{"self":[{"href":"https:\/\/action.amnesty.ch\/fr\/wp-json\/wp\/v2\/pages\/20794","targetHints":{"allow":["GET"]}}],"collection":[{"href":"https:\/\/action.amnesty.ch\/fr\/wp-json\/wp\/v2\/pages"}],"about":[{"href":"https:\/\/action.amnesty.ch\/fr\/wp-json\/wp\/v2\/types\/page"}],"author":[{"embeddable":true,"href":"https:\/\/action.amnesty.ch\/fr\/wp-json\/wp\/v2\/users\/59"}],"replies":[{"embeddable":true,"href":"https:\/\/action.amnesty.ch\/fr\/wp-json\/wp\/v2\/comments?post=20794"}],"version-history":[{"count":1,"href":"https:\/\/action.amnesty.ch\/fr\/wp-json\/wp\/v2\/pages\/20794\/revisions"}],"predecessor-version":[{"id":32090,"href":"https:\/\/action.amnesty.ch\/fr\/wp-json\/wp\/v2\/pages\/20794\/revisions\/32090"}],"wp:attachment":[{"href":"https:\/\/action.amnesty.ch\/fr\/wp-json\/wp\/v2\/media?parent=20794"}],"wp:term":[{"taxonomy":"wf_page_folders","embeddable":true,"href":"https:\/\/action.amnesty.ch\/fr\/wp-json\/wp\/v2\/wf_page_folders?post=20794"}],"curies":[{"name":"wp","href":"https:\/\/api.w.org\/{rel}","templated":true}]}}