{"id":20643,"date":"2023-09-18T11:35:35","date_gmt":"2023-09-18T09:35:35","guid":{"rendered":"https:\/\/action.amnesty.ch\/?page_id=20643"},"modified":"2025-11-14T10:58:31","modified_gmt":"2025-11-14T09:58:31","slug":"philanthropie-global-relief","status":"publish","type":"page","link":"https:\/\/action.amnesty.ch\/fr\/philanthropie-global-relief\/","title":{"rendered":"Spendenwelt | Philanthropie &#8211; HRR | FR"},"content":{"rendered":"","protected":false},"excerpt":{"rendered":"","protected":false},"author":59,"featured_media":0,"parent":0,"menu_order":0,"comment_status":"closed","ping_status":"closed","template":"","meta":{"_acf_changed":false,"_seopress_robots_primary_cat":"","_seopress_titles_title":"Programme Global Relief | Amnesty International","_seopress_titles_desc":"Un soutien crucial pour les personnes gravement menac\u00e9es : le programme Global Relief nous permet de leur prodiguer une aide imm\u00e9diate et sans formalit\u00e9s. Soutenez notre d\u00e9marche.","_seopress_robots_index":"yes","footnotes":""},"wf_page_folders":[1464],"class_list":["post-20643","page","type-page","status-publish","hentry"],"acf":[],"_links":{"self":[{"href":"https:\/\/action.amnesty.ch\/fr\/wp-json\/wp\/v2\/pages\/20643","targetHints":{"allow":["GET"]}}],"collection":[{"href":"https:\/\/action.amnesty.ch\/fr\/wp-json\/wp\/v2\/pages"}],"about":[{"href":"https:\/\/action.amnesty.ch\/fr\/wp-json\/wp\/v2\/types\/page"}],"author":[{"embeddable":true,"href":"https:\/\/action.amnesty.ch\/fr\/wp-json\/wp\/v2\/users\/59"}],"replies":[{"embeddable":true,"href":"https:\/\/action.amnesty.ch\/fr\/wp-json\/wp\/v2\/comments?post=20643"}],"version-history":[{"count":0,"href":"https:\/\/action.amnesty.ch\/fr\/wp-json\/wp\/v2\/pages\/20643\/revisions"}],"wp:attachment":[{"href":"https:\/\/action.amnesty.ch\/fr\/wp-json\/wp\/v2\/media?parent=20643"}],"wp:term":[{"taxonomy":"wf_page_folders","embeddable":true,"href":"https:\/\/action.amnesty.ch\/fr\/wp-json\/wp\/v2\/wf_page_folders?post=20643"}],"curies":[{"name":"wp","href":"https:\/\/api.w.org\/{rel}","templated":true}]}}