{"id":20639,"date":"2023-09-18T11:31:44","date_gmt":"2023-09-18T09:31:44","guid":{"rendered":"https:\/\/action.amnesty.ch\/?page_id=20639"},"modified":"2025-11-14T10:57:41","modified_gmt":"2025-11-14T09:57:41","slug":"philanthropie-hre","status":"publish","type":"page","link":"https:\/\/action.amnesty.ch\/fr\/philanthropie-hre\/","title":{"rendered":"Spendenwelt | Philanthropie &#8211; HRE | FR"},"content":{"rendered":"","protected":false},"excerpt":{"rendered":"","protected":false},"author":59,"featured_media":0,"parent":0,"menu_order":0,"comment_status":"closed","ping_status":"closed","template":"","meta":{"_acf_changed":false,"_seopress_robots_primary_cat":"","_seopress_titles_title":"Education aux droits humains tout le monde | Amnesty International","_seopress_titles_desc":"Seules les personnes sensibilis\u00e9es aux droits humains peuvent les d\u00e9fendre efficacement. Apprenez-en davantage sur notre programme d'\u00e9ducation aux droits humains pour les jeunes et les adultes.","_seopress_robots_index":"yes","footnotes":""},"wf_page_folders":[1464],"class_list":["post-20639","page","type-page","status-publish","hentry"],"acf":[],"_links":{"self":[{"href":"https:\/\/action.amnesty.ch\/fr\/wp-json\/wp\/v2\/pages\/20639","targetHints":{"allow":["GET"]}}],"collection":[{"href":"https:\/\/action.amnesty.ch\/fr\/wp-json\/wp\/v2\/pages"}],"about":[{"href":"https:\/\/action.amnesty.ch\/fr\/wp-json\/wp\/v2\/types\/page"}],"author":[{"embeddable":true,"href":"https:\/\/action.amnesty.ch\/fr\/wp-json\/wp\/v2\/users\/59"}],"replies":[{"embeddable":true,"href":"https:\/\/action.amnesty.ch\/fr\/wp-json\/wp\/v2\/comments?post=20639"}],"version-history":[{"count":0,"href":"https:\/\/action.amnesty.ch\/fr\/wp-json\/wp\/v2\/pages\/20639\/revisions"}],"wp:attachment":[{"href":"https:\/\/action.amnesty.ch\/fr\/wp-json\/wp\/v2\/media?parent=20639"}],"wp:term":[{"taxonomy":"wf_page_folders","embeddable":true,"href":"https:\/\/action.amnesty.ch\/fr\/wp-json\/wp\/v2\/wf_page_folders?post=20639"}],"curies":[{"name":"wp","href":"https:\/\/api.w.org\/{rel}","templated":true}]}}