{"id":20404,"date":"2023-09-25T10:51:04","date_gmt":"2023-09-25T08:51:04","guid":{"rendered":"https:\/\/action.amnesty.ch\/?page_id=20404"},"modified":"2023-10-12T15:20:35","modified_gmt":"2023-10-12T13:20:35","slug":"condoleances-don","status":"publish","type":"page","link":"https:\/\/action.amnesty.ch\/fr\/condoleances-don\/","title":{"rendered":"Spendenwelt | Trauerspende | FR"},"content":{"rendered":"","protected":false},"excerpt":{"rendered":"","protected":false},"author":59,"featured_media":0,"parent":0,"menu_order":0,"comment_status":"closed","ping_status":"closed","template":"","meta":{"_acf_changed":false,"_seopress_robots_primary_cat":"","_seopress_titles_title":"Faites un don de condol\u00e9ances | Amnesty International","_seopress_titles_desc":"Permettez \u00e0 vos proches d\u2019accomplir un geste qui perdure au-del\u00e0 de leur propre existence : sollicitez des dons en faveur d&#039;Amnesty International en m\u00e9moire de la personne d\u00e9c\u00e9d\u00e9e en lieu et place de fleurs.","_seopress_robots_index":"yes","footnotes":""},"wf_page_folders":[1464],"class_list":["post-20404","page","type-page","status-publish","hentry"],"acf":[],"_links":{"self":[{"href":"https:\/\/action.amnesty.ch\/fr\/wp-json\/wp\/v2\/pages\/20404","targetHints":{"allow":["GET"]}}],"collection":[{"href":"https:\/\/action.amnesty.ch\/fr\/wp-json\/wp\/v2\/pages"}],"about":[{"href":"https:\/\/action.amnesty.ch\/fr\/wp-json\/wp\/v2\/types\/page"}],"author":[{"embeddable":true,"href":"https:\/\/action.amnesty.ch\/fr\/wp-json\/wp\/v2\/users\/59"}],"replies":[{"embeddable":true,"href":"https:\/\/action.amnesty.ch\/fr\/wp-json\/wp\/v2\/comments?post=20404"}],"version-history":[{"count":0,"href":"https:\/\/action.amnesty.ch\/fr\/wp-json\/wp\/v2\/pages\/20404\/revisions"}],"wp:attachment":[{"href":"https:\/\/action.amnesty.ch\/fr\/wp-json\/wp\/v2\/media?parent=20404"}],"wp:term":[{"taxonomy":"wf_page_folders","embeddable":true,"href":"https:\/\/action.amnesty.ch\/fr\/wp-json\/wp\/v2\/wf_page_folders?post=20404"}],"curies":[{"name":"wp","href":"https:\/\/api.w.org\/{rel}","templated":true}]}}