{"id":17410,"date":"2022-10-18T08:10:45","date_gmt":"2022-10-18T06:10:45","guid":{"rendered":"https:\/\/action.amnesty.ch\/?page_id=17410"},"modified":"2023-11-03T13:11:57","modified_gmt":"2023-11-03T12:11:57","slug":"amnesty-international-marathon-des-lettres-2022-aleksandra-skochilenko","status":"publish","type":"page","link":"https:\/\/action.amnesty.ch\/fr\/amnesty-international-marathon-des-lettres-2022-aleksandra-skochilenko\/","title":{"rendered":"Amnesty International | Marathon des lettres 2022 | Aleksandra Skotchilenko"},"content":{"rendered":"","protected":false},"excerpt":{"rendered":"","protected":false},"author":23,"featured_media":0,"parent":0,"menu_order":0,"comment_status":"closed","ping_status":"closed","template":"","meta":{"_acf_changed":false,"_seopress_robots_primary_cat":"","_seopress_titles_title":"","_seopress_titles_desc":"Demandez au procureur g\u00e9n\u00e9ral comp\u00e9tent de lib\u00e9rer imm\u00e9diatement Alexandra et d\u2019abandonner toutes les charges \u00e0 son encontre.","_seopress_robots_index":"","footnotes":""},"wf_page_folders":[1480],"class_list":["post-17410","page","type-page","status-publish","hentry"],"acf":[],"_links":{"self":[{"href":"https:\/\/action.amnesty.ch\/fr\/wp-json\/wp\/v2\/pages\/17410","targetHints":{"allow":["GET"]}}],"collection":[{"href":"https:\/\/action.amnesty.ch\/fr\/wp-json\/wp\/v2\/pages"}],"about":[{"href":"https:\/\/action.amnesty.ch\/fr\/wp-json\/wp\/v2\/types\/page"}],"author":[{"embeddable":true,"href":"https:\/\/action.amnesty.ch\/fr\/wp-json\/wp\/v2\/users\/23"}],"replies":[{"embeddable":true,"href":"https:\/\/action.amnesty.ch\/fr\/wp-json\/wp\/v2\/comments?post=17410"}],"version-history":[{"count":0,"href":"https:\/\/action.amnesty.ch\/fr\/wp-json\/wp\/v2\/pages\/17410\/revisions"}],"wp:attachment":[{"href":"https:\/\/action.amnesty.ch\/fr\/wp-json\/wp\/v2\/media?parent=17410"}],"wp:term":[{"taxonomy":"wf_page_folders","embeddable":true,"href":"https:\/\/action.amnesty.ch\/fr\/wp-json\/wp\/v2\/wf_page_folders?post=17410"}],"curies":[{"name":"wp","href":"https:\/\/api.w.org\/{rel}","templated":true}]}}