{"id":17398,"date":"2022-10-14T08:42:54","date_gmt":"2022-10-14T06:42:54","guid":{"rendered":"https:\/\/action.amnesty.ch\/?page_id=17398"},"modified":"2023-11-03T13:20:59","modified_gmt":"2023-11-03T12:20:59","slug":"amnesty-international-marathon-des-lettres-2022-vahid-afkari","status":"publish","type":"page","link":"https:\/\/action.amnesty.ch\/fr\/amnesty-international-marathon-des-lettres-2022-vahid-afkari\/","title":{"rendered":"Amnesty International | Marathon des lettres 2022 | Vahid Afkari"},"content":{"rendered":"","protected":false},"excerpt":{"rendered":"","protected":false},"author":23,"featured_media":0,"parent":0,"menu_order":0,"comment_status":"closed","ping_status":"closed","template":"","meta":{"_acf_changed":false,"_seopress_robots_primary_cat":"","_seopress_titles_title":"","_seopress_titles_desc":"Demandez aux autorit\u00e9s iraniennes de mettre fin \u00e0 sa d\u00e9tention \u00e0 l\u2019isolement et d\u2019annuler les peines auxquelles il a injustement \u00e9t\u00e9 condamn\u00e9 ","_seopress_robots_index":"","footnotes":""},"wf_page_folders":[1480],"class_list":["post-17398","page","type-page","status-publish","hentry"],"acf":[],"_links":{"self":[{"href":"https:\/\/action.amnesty.ch\/fr\/wp-json\/wp\/v2\/pages\/17398","targetHints":{"allow":["GET"]}}],"collection":[{"href":"https:\/\/action.amnesty.ch\/fr\/wp-json\/wp\/v2\/pages"}],"about":[{"href":"https:\/\/action.amnesty.ch\/fr\/wp-json\/wp\/v2\/types\/page"}],"author":[{"embeddable":true,"href":"https:\/\/action.amnesty.ch\/fr\/wp-json\/wp\/v2\/users\/23"}],"replies":[{"embeddable":true,"href":"https:\/\/action.amnesty.ch\/fr\/wp-json\/wp\/v2\/comments?post=17398"}],"version-history":[{"count":0,"href":"https:\/\/action.amnesty.ch\/fr\/wp-json\/wp\/v2\/pages\/17398\/revisions"}],"wp:attachment":[{"href":"https:\/\/action.amnesty.ch\/fr\/wp-json\/wp\/v2\/media?parent=17398"}],"wp:term":[{"taxonomy":"wf_page_folders","embeddable":true,"href":"https:\/\/action.amnesty.ch\/fr\/wp-json\/wp\/v2\/wf_page_folders?post=17398"}],"curies":[{"name":"wp","href":"https:\/\/api.w.org\/{rel}","templated":true}]}}