{"id":17379,"date":"2022-10-19T09:20:45","date_gmt":"2022-10-19T07:20:45","guid":{"rendered":"https:\/\/action.amnesty.ch\/?page_id=17379"},"modified":"2023-11-03T13:18:53","modified_gmt":"2023-11-03T12:18:53","slug":"amnesty-international-marathon-des-lettres-2022-joanah-mamombe-cecillia-chimbiri-netsai-marova","status":"publish","type":"page","link":"https:\/\/action.amnesty.ch\/fr\/amnesty-international-marathon-des-lettres-2022-joanah-mamombe-cecillia-chimbiri-netsai-marova\/","title":{"rendered":"Amnesty International | Marathon des lettres 2022 | Joanah Mamombe &#8211; Cecillia Chimbiri &#8211; Netsai Marova"},"content":{"rendered":"","protected":false},"excerpt":{"rendered":"","protected":false},"author":23,"featured_media":0,"parent":0,"menu_order":0,"comment_status":"closed","ping_status":"closed","template":"","meta":{"_acf_changed":false,"_seopress_robots_primary_cat":"","_seopress_titles_title":"","_seopress_titles_desc":"Demandez au pr\u00e9sident du Zimbabwe de mettre imm\u00e9diatement fin au harc\u00e8lement des trois femmes et d\u2019abandonner toutes les charges \u00e0 leur encontre.","_seopress_robots_index":"","footnotes":""},"wf_page_folders":[1480],"class_list":["post-17379","page","type-page","status-publish","hentry"],"acf":[],"_links":{"self":[{"href":"https:\/\/action.amnesty.ch\/fr\/wp-json\/wp\/v2\/pages\/17379","targetHints":{"allow":["GET"]}}],"collection":[{"href":"https:\/\/action.amnesty.ch\/fr\/wp-json\/wp\/v2\/pages"}],"about":[{"href":"https:\/\/action.amnesty.ch\/fr\/wp-json\/wp\/v2\/types\/page"}],"author":[{"embeddable":true,"href":"https:\/\/action.amnesty.ch\/fr\/wp-json\/wp\/v2\/users\/23"}],"replies":[{"embeddable":true,"href":"https:\/\/action.amnesty.ch\/fr\/wp-json\/wp\/v2\/comments?post=17379"}],"version-history":[{"count":0,"href":"https:\/\/action.amnesty.ch\/fr\/wp-json\/wp\/v2\/pages\/17379\/revisions"}],"wp:attachment":[{"href":"https:\/\/action.amnesty.ch\/fr\/wp-json\/wp\/v2\/media?parent=17379"}],"wp:term":[{"taxonomy":"wf_page_folders","embeddable":true,"href":"https:\/\/action.amnesty.ch\/fr\/wp-json\/wp\/v2\/wf_page_folders?post=17379"}],"curies":[{"name":"wp","href":"https:\/\/api.w.org\/{rel}","templated":true}]}}