{"id":17368,"date":"2022-10-14T08:58:29","date_gmt":"2022-10-14T06:58:29","guid":{"rendered":"https:\/\/action.amnesty.ch\/?page_id=17368"},"modified":"2022-12-09T16:19:32","modified_gmt":"2022-12-09T15:19:32","slug":"marathon-des-lettres-2022-confirmation","status":"publish","type":"page","link":"https:\/\/action.amnesty.ch\/fr\/marathon-des-lettres-2022-confirmation\/","title":{"rendered":"Amnesty International | Marathon des lettres 2022 | Confirmation"},"content":{"rendered":"","protected":false},"excerpt":{"rendered":"","protected":false},"author":23,"featured_media":0,"parent":0,"menu_order":0,"comment_status":"closed","ping_status":"closed","template":"","meta":{"_acf_changed":false,"_seopress_robots_primary_cat":"","_seopress_titles_title":"Amnesty International | Marathon des lettres 2022","_seopress_titles_desc":"Par ce simple geste, vous pourrez aider huit d\u00e9fenseur\u2219euse\u2219x\u2219s des droits humains \u00e0 acc\u00e9der \u00e0 un avenir meilleur.","_seopress_robots_index":"","footnotes":""},"wf_page_folders":[1480],"class_list":["post-17368","page","type-page","status-publish","hentry"],"acf":[],"_links":{"self":[{"href":"https:\/\/action.amnesty.ch\/fr\/wp-json\/wp\/v2\/pages\/17368","targetHints":{"allow":["GET"]}}],"collection":[{"href":"https:\/\/action.amnesty.ch\/fr\/wp-json\/wp\/v2\/pages"}],"about":[{"href":"https:\/\/action.amnesty.ch\/fr\/wp-json\/wp\/v2\/types\/page"}],"author":[{"embeddable":true,"href":"https:\/\/action.amnesty.ch\/fr\/wp-json\/wp\/v2\/users\/23"}],"replies":[{"embeddable":true,"href":"https:\/\/action.amnesty.ch\/fr\/wp-json\/wp\/v2\/comments?post=17368"}],"version-history":[{"count":0,"href":"https:\/\/action.amnesty.ch\/fr\/wp-json\/wp\/v2\/pages\/17368\/revisions"}],"wp:attachment":[{"href":"https:\/\/action.amnesty.ch\/fr\/wp-json\/wp\/v2\/media?parent=17368"}],"wp:term":[{"taxonomy":"wf_page_folders","embeddable":true,"href":"https:\/\/action.amnesty.ch\/fr\/wp-json\/wp\/v2\/wf_page_folders?post=17368"}],"curies":[{"name":"wp","href":"https:\/\/api.w.org\/{rel}","templated":true}]}}