{"id":16780,"date":"2022-07-20T16:07:38","date_gmt":"2022-07-20T14:07:38","guid":{"rendered":"https:\/\/action.amnesty.ch\/?page_id=16780"},"modified":"2023-02-28T11:32:03","modified_gmt":"2023-02-28T10:32:03","slug":"petition-multinationales-responsables","status":"publish","type":"page","link":"https:\/\/action.amnesty.ch\/fr\/petition-multinationales-responsables\/","title":{"rendered":"Amnesty International | Multinationales 2022"},"content":{"rendered":"","protected":false},"excerpt":{"rendered":"","protected":false},"author":59,"featured_media":0,"parent":0,"menu_order":0,"comment_status":"closed","ping_status":"closed","template":"","meta":{"_acf_changed":false,"_seopress_robots_primary_cat":"","_seopress_titles_title":"Amnesty International | P\u00e9tition \u00ab Tenez votre promesse \u00bb","_seopress_titles_desc":"Le Conseil f\u00e9d\u00e9ral doit maintenant introduire une v\u00e9ritable loi sur la responsabilit\u00e9 des entreprises !","_seopress_robots_index":"","footnotes":""},"wf_page_folders":[1474],"class_list":["post-16780","page","type-page","status-publish","hentry"],"acf":[],"_links":{"self":[{"href":"https:\/\/action.amnesty.ch\/fr\/wp-json\/wp\/v2\/pages\/16780","targetHints":{"allow":["GET"]}}],"collection":[{"href":"https:\/\/action.amnesty.ch\/fr\/wp-json\/wp\/v2\/pages"}],"about":[{"href":"https:\/\/action.amnesty.ch\/fr\/wp-json\/wp\/v2\/types\/page"}],"author":[{"embeddable":true,"href":"https:\/\/action.amnesty.ch\/fr\/wp-json\/wp\/v2\/users\/59"}],"replies":[{"embeddable":true,"href":"https:\/\/action.amnesty.ch\/fr\/wp-json\/wp\/v2\/comments?post=16780"}],"version-history":[{"count":0,"href":"https:\/\/action.amnesty.ch\/fr\/wp-json\/wp\/v2\/pages\/16780\/revisions"}],"wp:attachment":[{"href":"https:\/\/action.amnesty.ch\/fr\/wp-json\/wp\/v2\/media?parent=16780"}],"wp:term":[{"taxonomy":"wf_page_folders","embeddable":true,"href":"https:\/\/action.amnesty.ch\/fr\/wp-json\/wp\/v2\/wf_page_folders?post=16780"}],"curies":[{"name":"wp","href":"https:\/\/api.w.org\/{rel}","templated":true}]}}