{"id":16645,"date":"2022-07-13T11:48:33","date_gmt":"2022-07-13T09:48:33","guid":{"rendered":"https:\/\/action.amnesty.ch\/?page_id=16645"},"modified":"2022-07-14T14:39:14","modified_gmt":"2022-07-14T12:39:14","slug":"ukraine-votre-don-aide-fr","status":"publish","type":"page","link":"https:\/\/action.amnesty.ch\/fr\/ukraine-votre-don-aide-fr\/","title":{"rendered":"Jul 2022 | Email 15.07 | Ukraine O. Pokalchuk | FR"},"content":{"rendered":"","protected":false},"excerpt":{"rendered":"","protected":false},"author":59,"featured_media":0,"parent":0,"menu_order":0,"comment_status":"closed","ping_status":"closed","template":"","meta":{"_acf_changed":false,"_seopress_robots_primary_cat":"","_seopress_titles_title":"Amnesty International | Aide pour l&#039;Ukraine","_seopress_titles_desc":"Aidez-nous \u00e0 prot\u00e9ger la population civile et \u00e0 d\u00e9noncer les violations des droits humains.","_seopress_robots_index":"","footnotes":""},"wf_page_folders":[1465],"class_list":["post-16645","page","type-page","status-publish","hentry"],"acf":[],"_links":{"self":[{"href":"https:\/\/action.amnesty.ch\/fr\/wp-json\/wp\/v2\/pages\/16645","targetHints":{"allow":["GET"]}}],"collection":[{"href":"https:\/\/action.amnesty.ch\/fr\/wp-json\/wp\/v2\/pages"}],"about":[{"href":"https:\/\/action.amnesty.ch\/fr\/wp-json\/wp\/v2\/types\/page"}],"author":[{"embeddable":true,"href":"https:\/\/action.amnesty.ch\/fr\/wp-json\/wp\/v2\/users\/59"}],"replies":[{"embeddable":true,"href":"https:\/\/action.amnesty.ch\/fr\/wp-json\/wp\/v2\/comments?post=16645"}],"version-history":[{"count":0,"href":"https:\/\/action.amnesty.ch\/fr\/wp-json\/wp\/v2\/pages\/16645\/revisions"}],"wp:attachment":[{"href":"https:\/\/action.amnesty.ch\/fr\/wp-json\/wp\/v2\/media?parent=16645"}],"wp:term":[{"taxonomy":"wf_page_folders","embeddable":true,"href":"https:\/\/action.amnesty.ch\/fr\/wp-json\/wp\/v2\/wf_page_folders?post=16645"}],"curies":[{"name":"wp","href":"https:\/\/api.w.org\/{rel}","templated":true}]}}