{"id":16430,"date":"2022-06-28T08:45:38","date_gmt":"2022-06-28T06:45:38","guid":{"rendered":"https:\/\/action.amnesty.ch\/?page_id=16430"},"modified":"2022-07-13T12:55:36","modified_gmt":"2022-07-13T10:55:36","slug":"protect-the-protest-aleksandra-skochilenko-confirmation","status":"publish","type":"page","link":"https:\/\/action.amnesty.ch\/fr\/protect-the-protest-aleksandra-skochilenko-confirmation\/","title":{"rendered":"Amnesty International | Protect the Protest | Russie | Aleksandra Skochilenko| Confirmation  | FR"},"content":{"rendered":"","protected":false},"excerpt":{"rendered":"","protected":false},"author":23,"featured_media":0,"parent":0,"menu_order":0,"comment_status":"closed","ping_status":"closed","template":"","meta":{"_acf_changed":false,"_seopress_robots_primary_cat":"","_seopress_titles_title":"Amnesty International | Libert\u00e9 pour Aleksandra Skochilenko","_seopress_titles_desc":"Invitez votre entourage \u00e0 s&#039;engager et signer la p\u00e9tition.","_seopress_robots_index":"","footnotes":""},"wf_page_folders":[1472],"class_list":["post-16430","page","type-page","status-publish","hentry"],"acf":[],"_links":{"self":[{"href":"https:\/\/action.amnesty.ch\/fr\/wp-json\/wp\/v2\/pages\/16430","targetHints":{"allow":["GET"]}}],"collection":[{"href":"https:\/\/action.amnesty.ch\/fr\/wp-json\/wp\/v2\/pages"}],"about":[{"href":"https:\/\/action.amnesty.ch\/fr\/wp-json\/wp\/v2\/types\/page"}],"author":[{"embeddable":true,"href":"https:\/\/action.amnesty.ch\/fr\/wp-json\/wp\/v2\/users\/23"}],"replies":[{"embeddable":true,"href":"https:\/\/action.amnesty.ch\/fr\/wp-json\/wp\/v2\/comments?post=16430"}],"version-history":[{"count":0,"href":"https:\/\/action.amnesty.ch\/fr\/wp-json\/wp\/v2\/pages\/16430\/revisions"}],"wp:attachment":[{"href":"https:\/\/action.amnesty.ch\/fr\/wp-json\/wp\/v2\/media?parent=16430"}],"wp:term":[{"taxonomy":"wf_page_folders","embeddable":true,"href":"https:\/\/action.amnesty.ch\/fr\/wp-json\/wp\/v2\/wf_page_folders?post=16430"}],"curies":[{"name":"wp","href":"https:\/\/api.w.org\/{rel}","templated":true}]}}