{"id":16428,"date":"2022-06-28T09:24:39","date_gmt":"2022-06-28T07:24:39","guid":{"rendered":"https:\/\/action.amnesty.ch\/?page_id=16428"},"modified":"2022-10-21T11:38:35","modified_gmt":"2022-10-21T09:38:35","slug":"protect-the-protest-aleksandra-skochilenko","status":"publish","type":"page","link":"https:\/\/action.amnesty.ch\/fr\/protect-the-protest-aleksandra-skochilenko\/","title":{"rendered":"Amnesty International | Protect the Protest | Russie | Aleksandra Skochilenko"},"content":{"rendered":"","protected":false},"excerpt":{"rendered":"","protected":false},"author":23,"featured_media":0,"parent":0,"menu_order":0,"comment_status":"closed","ping_status":"closed","template":"","meta":{"_acf_changed":false,"_seopress_robots_primary_cat":"","_seopress_titles_title":"P\u00e9tition termin\u00e9e pour Aleksandra Skochilenko","_seopress_titles_desc":"P\u00e9tition termin\u00e9e qui demandait au procureur russe la lib\u00e9ration d&#039;Aleksandra Skochilenko et l&#039;abandon des poursuites p\u00e9nales \u00e0 son encontre.\r\n","_seopress_robots_index":"","footnotes":""},"wf_page_folders":[1472],"class_list":["post-16428","page","type-page","status-publish","hentry"],"acf":[],"_links":{"self":[{"href":"https:\/\/action.amnesty.ch\/fr\/wp-json\/wp\/v2\/pages\/16428","targetHints":{"allow":["GET"]}}],"collection":[{"href":"https:\/\/action.amnesty.ch\/fr\/wp-json\/wp\/v2\/pages"}],"about":[{"href":"https:\/\/action.amnesty.ch\/fr\/wp-json\/wp\/v2\/types\/page"}],"author":[{"embeddable":true,"href":"https:\/\/action.amnesty.ch\/fr\/wp-json\/wp\/v2\/users\/23"}],"replies":[{"embeddable":true,"href":"https:\/\/action.amnesty.ch\/fr\/wp-json\/wp\/v2\/comments?post=16428"}],"version-history":[{"count":0,"href":"https:\/\/action.amnesty.ch\/fr\/wp-json\/wp\/v2\/pages\/16428\/revisions"}],"wp:attachment":[{"href":"https:\/\/action.amnesty.ch\/fr\/wp-json\/wp\/v2\/media?parent=16428"}],"wp:term":[{"taxonomy":"wf_page_folders","embeddable":true,"href":"https:\/\/action.amnesty.ch\/fr\/wp-json\/wp\/v2\/wf_page_folders?post=16428"}],"curies":[{"name":"wp","href":"https:\/\/api.w.org\/{rel}","templated":true}]}}