{"id":14686,"date":"2022-02-25T16:20:46","date_gmt":"2022-02-25T15:20:46","guid":{"rendered":"https:\/\/action.amnesty.ch\/?page_id=14686"},"modified":"2022-04-04T11:37:42","modified_gmt":"2022-04-04T09:37:42","slug":"amnesty-international-ukraine-emergency-ga","status":"publish","type":"page","link":"https:\/\/action.amnesty.ch\/fr\/amnesty-international-ukraine-emergency-ga\/","title":{"rendered":"Feb-March 2022 | Ukraine | Emergency Appeal | Google Ads | FR"},"content":{"rendered":"","protected":false},"excerpt":{"rendered":"","protected":false},"author":59,"featured_media":0,"parent":0,"menu_order":0,"comment_status":"closed","ping_status":"closed","template":"","meta":{"_acf_changed":false,"_seopress_robots_primary_cat":"","_seopress_titles_title":"Amnesty International | Ukraine | Protegeons la population civile","_seopress_titles_desc":"Aidez-nous \u00e0 prot\u00e9ger la population civile et \u00e0 d\u00e9noncer les violations des droits humains.","_seopress_robots_index":"","footnotes":""},"wf_page_folders":[1465],"class_list":["post-14686","page","type-page","status-publish","hentry"],"acf":[],"_links":{"self":[{"href":"https:\/\/action.amnesty.ch\/fr\/wp-json\/wp\/v2\/pages\/14686","targetHints":{"allow":["GET"]}}],"collection":[{"href":"https:\/\/action.amnesty.ch\/fr\/wp-json\/wp\/v2\/pages"}],"about":[{"href":"https:\/\/action.amnesty.ch\/fr\/wp-json\/wp\/v2\/types\/page"}],"author":[{"embeddable":true,"href":"https:\/\/action.amnesty.ch\/fr\/wp-json\/wp\/v2\/users\/59"}],"replies":[{"embeddable":true,"href":"https:\/\/action.amnesty.ch\/fr\/wp-json\/wp\/v2\/comments?post=14686"}],"version-history":[{"count":0,"href":"https:\/\/action.amnesty.ch\/fr\/wp-json\/wp\/v2\/pages\/14686\/revisions"}],"wp:attachment":[{"href":"https:\/\/action.amnesty.ch\/fr\/wp-json\/wp\/v2\/media?parent=14686"}],"wp:term":[{"taxonomy":"wf_page_folders","embeddable":true,"href":"https:\/\/action.amnesty.ch\/fr\/wp-json\/wp\/v2\/wf_page_folders?post=14686"}],"curies":[{"name":"wp","href":"https:\/\/api.w.org\/{rel}","templated":true}]}}