{"id":14395,"date":"2025-02-27T13:45:26","date_gmt":"2025-02-27T12:45:26","guid":{"rendered":"https:\/\/action.amnesty.ch\/?page_id=14395"},"modified":"2026-04-29T15:16:09","modified_gmt":"2026-04-29T13:16:09","slug":"ag-inscription-2026","status":"publish","type":"page","link":"https:\/\/action.amnesty.ch\/fr\/ag-inscription-2026\/","title":{"rendered":"AG inscription 2026"},"content":{"rendered":"","protected":false},"excerpt":{"rendered":"","protected":false},"author":23,"featured_media":0,"parent":0,"menu_order":0,"comment_status":"closed","ping_status":"closed","template":"","meta":{"_acf_changed":false,"_seopress_robots_primary_cat":"","_seopress_titles_title":"Amnesty International | Assembl\u00e9e g\u00e9n\u00e9rale 2026","_seopress_titles_desc":"Bienvenue sur l'inscription pour l'Assembl\u00e9e g\u00e9n\u00e9rale du 9 mai 2026.","_seopress_robots_index":"","footnotes":""},"wf_page_folders":[1483],"class_list":["post-14395","page","type-page","status-publish","hentry"],"acf":[],"_links":{"self":[{"href":"https:\/\/action.amnesty.ch\/fr\/wp-json\/wp\/v2\/pages\/14395","targetHints":{"allow":["GET"]}}],"collection":[{"href":"https:\/\/action.amnesty.ch\/fr\/wp-json\/wp\/v2\/pages"}],"about":[{"href":"https:\/\/action.amnesty.ch\/fr\/wp-json\/wp\/v2\/types\/page"}],"author":[{"embeddable":true,"href":"https:\/\/action.amnesty.ch\/fr\/wp-json\/wp\/v2\/users\/23"}],"replies":[{"embeddable":true,"href":"https:\/\/action.amnesty.ch\/fr\/wp-json\/wp\/v2\/comments?post=14395"}],"version-history":[{"count":3,"href":"https:\/\/action.amnesty.ch\/fr\/wp-json\/wp\/v2\/pages\/14395\/revisions"}],"predecessor-version":[{"id":32380,"href":"https:\/\/action.amnesty.ch\/fr\/wp-json\/wp\/v2\/pages\/14395\/revisions\/32380"}],"wp:attachment":[{"href":"https:\/\/action.amnesty.ch\/fr\/wp-json\/wp\/v2\/media?parent=14395"}],"wp:term":[{"taxonomy":"wf_page_folders","embeddable":true,"href":"https:\/\/action.amnesty.ch\/fr\/wp-json\/wp\/v2\/wf_page_folders?post=14395"}],"curies":[{"name":"wp","href":"https:\/\/api.w.org\/{rel}","templated":true}]}}