{"id":12727,"date":"2021-10-19T15:32:08","date_gmt":"2021-10-19T13:32:08","guid":{"rendered":"https:\/\/action.amnesty.ch\/?page_id=12727"},"modified":"2022-02-08T08:28:07","modified_gmt":"2022-02-08T07:28:07","slug":"marathon-des-lettres-imoleayo-michael","status":"publish","type":"page","link":"https:\/\/action.amnesty.ch\/fr\/marathon-des-lettres-imoleayo-michael\/","title":{"rendered":"Amnesty International | Marathon des lettres | Imoleayo Michael"},"content":{"rendered":"","protected":false},"excerpt":{"rendered":"","protected":false},"author":23,"featured_media":0,"parent":0,"menu_order":0,"comment_status":"closed","ping_status":"closed","template":"","meta":{"_acf_changed":false,"_seopress_robots_primary_cat":"","_seopress_titles_title":"Amnesty International | Marathon des lettres 2021 | Imoleayo Michael","_seopress_titles_desc":"Soutenez Imoleayo qui a \u00e9lev\u00e9 sa voix pour un Nigeria meilleur. Signez la p\u00e9tition !","_seopress_robots_index":"","footnotes":""},"wf_page_folders":[1466],"class_list":["post-12727","page","type-page","status-publish","hentry"],"acf":[],"_links":{"self":[{"href":"https:\/\/action.amnesty.ch\/fr\/wp-json\/wp\/v2\/pages\/12727","targetHints":{"allow":["GET"]}}],"collection":[{"href":"https:\/\/action.amnesty.ch\/fr\/wp-json\/wp\/v2\/pages"}],"about":[{"href":"https:\/\/action.amnesty.ch\/fr\/wp-json\/wp\/v2\/types\/page"}],"author":[{"embeddable":true,"href":"https:\/\/action.amnesty.ch\/fr\/wp-json\/wp\/v2\/users\/23"}],"replies":[{"embeddable":true,"href":"https:\/\/action.amnesty.ch\/fr\/wp-json\/wp\/v2\/comments?post=12727"}],"version-history":[{"count":0,"href":"https:\/\/action.amnesty.ch\/fr\/wp-json\/wp\/v2\/pages\/12727\/revisions"}],"wp:attachment":[{"href":"https:\/\/action.amnesty.ch\/fr\/wp-json\/wp\/v2\/media?parent=12727"}],"wp:term":[{"taxonomy":"wf_page_folders","embeddable":true,"href":"https:\/\/action.amnesty.ch\/fr\/wp-json\/wp\/v2\/wf_page_folders?post=12727"}],"curies":[{"name":"wp","href":"https:\/\/api.w.org\/{rel}","templated":true}]}}