{"id":11341,"date":"2021-07-23T15:09:38","date_gmt":"2021-07-23T13:09:38","guid":{"rendered":"https:\/\/action.amnesty.ch\/?page_id=11341"},"modified":"2021-08-06T14:22:43","modified_gmt":"2021-08-06T12:22:43","slug":"spreadinghope-lgbtqia-mpt","status":"publish","type":"page","link":"https:\/\/action.amnesty.ch\/fr\/spreadinghope-lgbtqia-mpt\/","title":{"rendered":"Amnesty International | Spreading Hope | LGBTQIA+ MPT"},"content":{"rendered":"","protected":false},"excerpt":{"rendered":"","protected":false},"author":24,"featured_media":0,"parent":0,"menu_order":0,"comment_status":"closed","ping_status":"closed","template":"","meta":{"_acf_changed":false,"_seopress_robots_primary_cat":"","_seopress_titles_title":"Amnesty International | Spreading Hope | LGBTQIA+","_seopress_titles_desc":"Les militantes polonaises LGBTQIA+, El\u017cbieta, Anna et Joanna, accus\u00e9es d\u2019 \u00ab offense aux sentiments religieux \u00bb, ont \u00e9t\u00e9 acquitt\u00e9es en premi\u00e8re instance.","_seopress_robots_index":"","footnotes":""},"wf_page_folders":[1463],"class_list":["post-11341","page","type-page","status-publish","hentry"],"acf":[],"_links":{"self":[{"href":"https:\/\/action.amnesty.ch\/fr\/wp-json\/wp\/v2\/pages\/11341","targetHints":{"allow":["GET"]}}],"collection":[{"href":"https:\/\/action.amnesty.ch\/fr\/wp-json\/wp\/v2\/pages"}],"about":[{"href":"https:\/\/action.amnesty.ch\/fr\/wp-json\/wp\/v2\/types\/page"}],"author":[{"embeddable":true,"href":"https:\/\/action.amnesty.ch\/fr\/wp-json\/wp\/v2\/users\/24"}],"replies":[{"embeddable":true,"href":"https:\/\/action.amnesty.ch\/fr\/wp-json\/wp\/v2\/comments?post=11341"}],"version-history":[{"count":0,"href":"https:\/\/action.amnesty.ch\/fr\/wp-json\/wp\/v2\/pages\/11341\/revisions"}],"wp:attachment":[{"href":"https:\/\/action.amnesty.ch\/fr\/wp-json\/wp\/v2\/media?parent=11341"}],"wp:term":[{"taxonomy":"wf_page_folders","embeddable":true,"href":"https:\/\/action.amnesty.ch\/fr\/wp-json\/wp\/v2\/wf_page_folders?post=11341"}],"curies":[{"name":"wp","href":"https:\/\/api.w.org\/{rel}","templated":true}]}}