{"id":10421,"date":"2021-04-20T15:18:18","date_gmt":"2021-04-20T13:18:18","guid":{"rendered":"https:\/\/aichprod.wpengine.com\/?page_id=10421"},"modified":"2021-06-08T15:30:58","modified_gmt":"2021-06-08T13:30:58","slug":"spreadinghope-lgbti_newsletter","status":"publish","type":"page","link":"https:\/\/action.amnesty.ch\/fr\/spreadinghope-lgbti_newsletter\/","title":{"rendered":"Amnesty International | Spreading Hope | LGBTQIA+"},"content":{"rendered":"","protected":false},"excerpt":{"rendered":"","protected":false},"author":24,"featured_media":0,"parent":0,"menu_order":0,"comment_status":"closed","ping_status":"closed","template":"","meta":{"_acf_changed":false,"_seopress_robots_primary_cat":"","_seopress_titles_title":"Amnesty International | Spreading Hope | LGBTQIA+","_seopress_titles_desc":"Les militantes polonaises LGBTQIA+, El\u017cbieta, Anna et Joanna, accus\u00e9es d\u2019 \u00ab offense aux sentiments religieux \u00bb, ont \u00e9t\u00e9 acquitt\u00e9es en premi\u00e8re instance.","_seopress_robots_index":"","footnotes":""},"wf_page_folders":[1145],"class_list":["post-10421","page","type-page","status-publish","hentry"],"acf":[],"_links":{"self":[{"href":"https:\/\/action.amnesty.ch\/fr\/wp-json\/wp\/v2\/pages\/10421","targetHints":{"allow":["GET"]}}],"collection":[{"href":"https:\/\/action.amnesty.ch\/fr\/wp-json\/wp\/v2\/pages"}],"about":[{"href":"https:\/\/action.amnesty.ch\/fr\/wp-json\/wp\/v2\/types\/page"}],"author":[{"embeddable":true,"href":"https:\/\/action.amnesty.ch\/fr\/wp-json\/wp\/v2\/users\/24"}],"replies":[{"embeddable":true,"href":"https:\/\/action.amnesty.ch\/fr\/wp-json\/wp\/v2\/comments?post=10421"}],"version-history":[{"count":0,"href":"https:\/\/action.amnesty.ch\/fr\/wp-json\/wp\/v2\/pages\/10421\/revisions"}],"wp:attachment":[{"href":"https:\/\/action.amnesty.ch\/fr\/wp-json\/wp\/v2\/media?parent=10421"}],"wp:term":[{"taxonomy":"wf_page_folders","embeddable":true,"href":"https:\/\/action.amnesty.ch\/fr\/wp-json\/wp\/v2\/wf_page_folders?post=10421"}],"curies":[{"name":"wp","href":"https:\/\/api.w.org\/{rel}","templated":true}]}}