{"id":31633,"date":"2026-02-16T11:25:30","date_gmt":"2026-02-16T10:25:30","guid":{"rendered":"https:\/\/action.amnesty.ch\/?page_id=31633"},"modified":"2026-02-16T13:37:23","modified_gmt":"2026-02-16T12:37:23","slug":"urgent-action-geza-buzas-habel","status":"publish","type":"page","link":"https:\/\/action.amnesty.ch\/de\/urgent-action-geza-buzas-habel\/","title":{"rendered":"Amnesty International | Urgent Action | G\u00e9za Buz\u00e1s-H\u00e1bel \u2013 Ungarn | DE"},"content":{"rendered":"","protected":false},"excerpt":{"rendered":"","protected":false},"author":59,"featured_media":0,"parent":0,"menu_order":0,"comment_status":"closed","ping_status":"closed","template":"","meta":{"_acf_changed":false,"_seopress_robots_primary_cat":"","_seopress_titles_title":"Urgent Action | Amnesty International","_seopress_titles_desc":"Unterst\u00fctzen Sie akut bedrohte Menschen - unterschreiben Sie jetzt die Urgent Action!","_seopress_robots_index":"","footnotes":""},"wf_page_folders":[1521],"class_list":["post-31633","page","type-page","status-publish","hentry"],"acf":[],"_links":{"self":[{"href":"https:\/\/action.amnesty.ch\/de\/wp-json\/wp\/v2\/pages\/31633","targetHints":{"allow":["GET"]}}],"collection":[{"href":"https:\/\/action.amnesty.ch\/de\/wp-json\/wp\/v2\/pages"}],"about":[{"href":"https:\/\/action.amnesty.ch\/de\/wp-json\/wp\/v2\/types\/page"}],"author":[{"embeddable":true,"href":"https:\/\/action.amnesty.ch\/de\/wp-json\/wp\/v2\/users\/59"}],"replies":[{"embeddable":true,"href":"https:\/\/action.amnesty.ch\/de\/wp-json\/wp\/v2\/comments?post=31633"}],"version-history":[{"count":3,"href":"https:\/\/action.amnesty.ch\/de\/wp-json\/wp\/v2\/pages\/31633\/revisions"}],"predecessor-version":[{"id":31707,"href":"https:\/\/action.amnesty.ch\/de\/wp-json\/wp\/v2\/pages\/31633\/revisions\/31707"}],"wp:attachment":[{"href":"https:\/\/action.amnesty.ch\/de\/wp-json\/wp\/v2\/media?parent=31633"}],"wp:term":[{"taxonomy":"wf_page_folders","embeddable":true,"href":"https:\/\/action.amnesty.ch\/de\/wp-json\/wp\/v2\/wf_page_folders?post=31633"}],"curies":[{"name":"wp","href":"https:\/\/api.w.org\/{rel}","templated":true}]}}