{"id":31135,"date":"2026-01-16T14:46:20","date_gmt":"2026-01-16T13:46:20","guid":{"rendered":"https:\/\/action.amnesty.ch\/?page_id=31135"},"modified":"2026-02-10T15:00:07","modified_gmt":"2026-02-10T14:00:07","slug":"2026-iran-emergency","status":"publish","type":"page","link":"https:\/\/action.amnesty.ch\/de\/2026-iran-emergency\/","title":{"rendered":"2026 | Iran Emergency | DE | Social Ads"},"content":{"rendered":"","protected":false},"excerpt":{"rendered":"","protected":false},"author":18,"featured_media":0,"parent":0,"menu_order":0,"comment_status":"closed","ping_status":"closed","template":"","meta":{"_acf_changed":false,"_seopress_robots_primary_cat":"","_seopress_titles_title":"Deine Spende kann Leben retten!","_seopress_titles_desc":"Mit deiner Spende setzt du dich f\u00fcr die W\u00fcrde und Rechte aller Menschen ein. Jeder Beitrag z\u00e4hlt!","_seopress_robots_index":"yes","footnotes":""},"wf_page_folders":[1499],"class_list":["post-31135","page","type-page","status-publish","hentry"],"acf":[],"_links":{"self":[{"href":"https:\/\/action.amnesty.ch\/de\/wp-json\/wp\/v2\/pages\/31135","targetHints":{"allow":["GET"]}}],"collection":[{"href":"https:\/\/action.amnesty.ch\/de\/wp-json\/wp\/v2\/pages"}],"about":[{"href":"https:\/\/action.amnesty.ch\/de\/wp-json\/wp\/v2\/types\/page"}],"author":[{"embeddable":true,"href":"https:\/\/action.amnesty.ch\/de\/wp-json\/wp\/v2\/users\/18"}],"replies":[{"embeddable":true,"href":"https:\/\/action.amnesty.ch\/de\/wp-json\/wp\/v2\/comments?post=31135"}],"version-history":[{"count":3,"href":"https:\/\/action.amnesty.ch\/de\/wp-json\/wp\/v2\/pages\/31135\/revisions"}],"predecessor-version":[{"id":31977,"href":"https:\/\/action.amnesty.ch\/de\/wp-json\/wp\/v2\/pages\/31135\/revisions\/31977"}],"wp:attachment":[{"href":"https:\/\/action.amnesty.ch\/de\/wp-json\/wp\/v2\/media?parent=31135"}],"wp:term":[{"taxonomy":"wf_page_folders","embeddable":true,"href":"https:\/\/action.amnesty.ch\/de\/wp-json\/wp\/v2\/wf_page_folders?post=31135"}],"curies":[{"name":"wp","href":"https:\/\/api.w.org\/{rel}","templated":true}]}}