{"id":28928,"date":"2025-08-26T09:02:05","date_gmt":"2025-08-26T07:02:05","guid":{"rendered":"https:\/\/action.amnesty.ch\/?page_id=28928"},"modified":"2025-09-17T09:39:54","modified_gmt":"2025-09-17T07:39:54","slug":"all4humanrights-de","status":"publish","type":"page","link":"https:\/\/action.amnesty.ch\/de\/all4humanrights-de\/","title":{"rendered":"Kampagnenpage | all4HR | DE"},"content":{"rendered":"","protected":false},"excerpt":{"rendered":"","protected":false},"author":53,"featured_media":0,"parent":0,"menu_order":0,"comment_status":"closed","ping_status":"closed","template":"","meta":{"_acf_changed":false,"_seopress_robots_primary_cat":"","_seopress_titles_title":"Menschenrechte f\u00fcr alle. Ohne Ausnahme.","_seopress_titles_desc":"Zeigen wir Mut zur Menschlichkeit \u2013 werde auch du Teil der Bewegung und stelle dich auf die Seite der Menschenrechte. Zusammen k\u00f6nnen wir unsere Stimmen \u00fcberall h\u00f6rbar machen.","_seopress_robots_index":"","footnotes":""},"wf_page_folders":[1514],"class_list":["post-28928","page","type-page","status-publish","hentry"],"acf":[],"_links":{"self":[{"href":"https:\/\/action.amnesty.ch\/de\/wp-json\/wp\/v2\/pages\/28928","targetHints":{"allow":["GET"]}}],"collection":[{"href":"https:\/\/action.amnesty.ch\/de\/wp-json\/wp\/v2\/pages"}],"about":[{"href":"https:\/\/action.amnesty.ch\/de\/wp-json\/wp\/v2\/types\/page"}],"author":[{"embeddable":true,"href":"https:\/\/action.amnesty.ch\/de\/wp-json\/wp\/v2\/users\/53"}],"replies":[{"embeddable":true,"href":"https:\/\/action.amnesty.ch\/de\/wp-json\/wp\/v2\/comments?post=28928"}],"version-history":[{"count":0,"href":"https:\/\/action.amnesty.ch\/de\/wp-json\/wp\/v2\/pages\/28928\/revisions"}],"wp:attachment":[{"href":"https:\/\/action.amnesty.ch\/de\/wp-json\/wp\/v2\/media?parent=28928"}],"wp:term":[{"taxonomy":"wf_page_folders","embeddable":true,"href":"https:\/\/action.amnesty.ch\/de\/wp-json\/wp\/v2\/wf_page_folders?post=28928"}],"curies":[{"name":"wp","href":"https:\/\/api.w.org\/{rel}","templated":true}]}}