{"id":28885,"date":"2025-07-31T11:19:31","date_gmt":"2025-07-31T09:19:31","guid":{"rendered":"https:\/\/action.amnesty.ch\/?page_id=28885"},"modified":"2025-08-13T14:44:01","modified_gmt":"2025-08-13T12:44:01","slug":"spendenwelt-mitgliedschaft-sudan-alaa-salah-social-ads-de","status":"publish","type":"page","link":"https:\/\/action.amnesty.ch\/de\/spendenwelt-mitgliedschaft-sudan-alaa-salah-social-ads-de\/","title":{"rendered":"Spendenwelt | Mitgliedschaft | Sudan Alaa Salah | Social Ads | DE"},"content":{"rendered":"","protected":false},"excerpt":{"rendered":"","protected":false},"author":18,"featured_media":0,"parent":0,"menu_order":0,"comment_status":"closed","ping_status":"closed","template":"","meta":{"_acf_changed":false,"_seopress_robots_primary_cat":"","_seopress_titles_title":"Werden Sie Mitglied von Amnesty International","_seopress_titles_desc":"Setzen Sie sich daf\u00fcr ein, dass alle Menschen in Freiheit und W\u00fcrde leben k\u00f6nnen. Werden Sie noch heute Mitglied von Amnesty International.","_seopress_robots_index":"","footnotes":""},"wf_page_folders":[1464],"class_list":["post-28885","page","type-page","status-publish","hentry"],"acf":[],"_links":{"self":[{"href":"https:\/\/action.amnesty.ch\/de\/wp-json\/wp\/v2\/pages\/28885","targetHints":{"allow":["GET"]}}],"collection":[{"href":"https:\/\/action.amnesty.ch\/de\/wp-json\/wp\/v2\/pages"}],"about":[{"href":"https:\/\/action.amnesty.ch\/de\/wp-json\/wp\/v2\/types\/page"}],"author":[{"embeddable":true,"href":"https:\/\/action.amnesty.ch\/de\/wp-json\/wp\/v2\/users\/18"}],"replies":[{"embeddable":true,"href":"https:\/\/action.amnesty.ch\/de\/wp-json\/wp\/v2\/comments?post=28885"}],"version-history":[{"count":0,"href":"https:\/\/action.amnesty.ch\/de\/wp-json\/wp\/v2\/pages\/28885\/revisions"}],"wp:attachment":[{"href":"https:\/\/action.amnesty.ch\/de\/wp-json\/wp\/v2\/media?parent=28885"}],"wp:term":[{"taxonomy":"wf_page_folders","embeddable":true,"href":"https:\/\/action.amnesty.ch\/de\/wp-json\/wp\/v2\/wf_page_folders?post=28885"}],"curies":[{"name":"wp","href":"https:\/\/api.w.org\/{rel}","templated":true}]}}