{"id":28799,"date":"2025-08-25T14:13:31","date_gmt":"2025-08-25T12:13:31","guid":{"rendered":"https:\/\/action.amnesty.ch\/?page_id=28799"},"modified":"2026-01-21T20:54:03","modified_gmt":"2026-01-21T19:54:03","slug":"petitionen","status":"publish","type":"page","link":"https:\/\/action.amnesty.ch\/de\/petitionen\/","title":{"rendered":"Petition | Overview | DE"},"content":{"rendered":"","protected":false},"excerpt":{"rendered":"","protected":false},"author":53,"featured_media":0,"parent":0,"menu_order":0,"comment_status":"closed","ping_status":"closed","template":"","meta":{"_acf_changed":false,"_seopress_robots_primary_cat":"","_seopress_titles_title":"Petitionen | Amnesty International","_seopress_titles_desc":"Setzen Sie sich f\u00fcr Freiheit, W\u00fcrde und Gerechtigkeit f\u00fcr alle ein.","_seopress_robots_index":"","footnotes":""},"wf_page_folders":[],"class_list":["post-28799","page","type-page","status-publish","hentry"],"acf":[],"_links":{"self":[{"href":"https:\/\/action.amnesty.ch\/de\/wp-json\/wp\/v2\/pages\/28799","targetHints":{"allow":["GET"]}}],"collection":[{"href":"https:\/\/action.amnesty.ch\/de\/wp-json\/wp\/v2\/pages"}],"about":[{"href":"https:\/\/action.amnesty.ch\/de\/wp-json\/wp\/v2\/types\/page"}],"author":[{"embeddable":true,"href":"https:\/\/action.amnesty.ch\/de\/wp-json\/wp\/v2\/users\/53"}],"replies":[{"embeddable":true,"href":"https:\/\/action.amnesty.ch\/de\/wp-json\/wp\/v2\/comments?post=28799"}],"version-history":[{"count":0,"href":"https:\/\/action.amnesty.ch\/de\/wp-json\/wp\/v2\/pages\/28799\/revisions"}],"wp:attachment":[{"href":"https:\/\/action.amnesty.ch\/de\/wp-json\/wp\/v2\/media?parent=28799"}],"wp:term":[{"taxonomy":"wf_page_folders","embeddable":true,"href":"https:\/\/action.amnesty.ch\/de\/wp-json\/wp\/v2\/wf_page_folders?post=28799"}],"curies":[{"name":"wp","href":"https:\/\/api.w.org\/{rel}","templated":true}]}}