{"id":27335,"date":"2025-02-07T12:45:58","date_gmt":"2025-02-07T11:45:58","guid":{"rendered":"https:\/\/action.amnesty.ch\/?page_id=27335"},"modified":"2026-02-10T09:40:12","modified_gmt":"2026-02-10T08:40:12","slug":"mitgliedschaft-usa","status":"publish","type":"page","link":"https:\/\/action.amnesty.ch\/de\/mitgliedschaft-usa\/","title":{"rendered":"Spendenwelt | Mitgliedschaft | USA Trump | Social Ads | DE"},"content":{"rendered":"","protected":false},"excerpt":{"rendered":"","protected":false},"author":18,"featured_media":0,"parent":0,"menu_order":0,"comment_status":"closed","ping_status":"closed","template":"","meta":{"_acf_changed":false,"_seopress_robots_primary_cat":"","_seopress_titles_title":"Werden Sie Mitglied von Amnesty International","_seopress_titles_desc":"Setzen Sie sich daf\u00fcr ein, dass alle Menschen in Freiheit und W\u00fcrde leben k\u00f6nnen. Werden Sie noch heute Mitglied von Amnesty International.","_seopress_robots_index":"","footnotes":""},"wf_page_folders":[1464],"class_list":["post-27335","page","type-page","status-publish","hentry"],"acf":[],"_links":{"self":[{"href":"https:\/\/action.amnesty.ch\/de\/wp-json\/wp\/v2\/pages\/27335","targetHints":{"allow":["GET"]}}],"collection":[{"href":"https:\/\/action.amnesty.ch\/de\/wp-json\/wp\/v2\/pages"}],"about":[{"href":"https:\/\/action.amnesty.ch\/de\/wp-json\/wp\/v2\/types\/page"}],"author":[{"embeddable":true,"href":"https:\/\/action.amnesty.ch\/de\/wp-json\/wp\/v2\/users\/18"}],"replies":[{"embeddable":true,"href":"https:\/\/action.amnesty.ch\/de\/wp-json\/wp\/v2\/comments?post=27335"}],"version-history":[{"count":0,"href":"https:\/\/action.amnesty.ch\/de\/wp-json\/wp\/v2\/pages\/27335\/revisions"}],"wp:attachment":[{"href":"https:\/\/action.amnesty.ch\/de\/wp-json\/wp\/v2\/media?parent=27335"}],"wp:term":[{"taxonomy":"wf_page_folders","embeddable":true,"href":"https:\/\/action.amnesty.ch\/de\/wp-json\/wp\/v2\/wf_page_folders?post=27335"}],"curies":[{"name":"wp","href":"https:\/\/api.w.org\/{rel}","templated":true}]}}