{"id":25827,"date":"2024-09-13T10:34:44","date_gmt":"2024-09-13T08:34:44","guid":{"rendered":"https:\/\/action.amnesty.ch\/?page_id=25827"},"modified":"2025-02-03T08:55:25","modified_gmt":"2025-02-03T07:55:25","slug":"amnesty-international-briefmarathon-2024-neth-nahara","status":"publish","type":"page","link":"https:\/\/action.amnesty.ch\/de\/amnesty-international-briefmarathon-2024-neth-nahara\/","title":{"rendered":"Amnesty International | Briefmarathon 2024 | Neth Nahara"},"content":{"rendered":"","protected":false},"excerpt":{"rendered":"","protected":false},"author":23,"featured_media":0,"parent":0,"menu_order":0,"comment_status":"closed","ping_status":"closed","template":"","meta":{"_acf_changed":false,"_seopress_robots_primary_cat":"","_seopress_titles_title":"Amnesty International | Briefmarathon 2024 | Freiheit f\u00fcr Neth Nahara!","_seopress_titles_desc":"Setzen sie sich f\u00fcr die Freilassung von Neth Nahara und das Recht auf freie Meinungs\u00e4usserung in Angola ein \u2013 unterschreiben Sie jetzt die Petition!","_seopress_robots_index":"","footnotes":""},"wf_page_folders":[1504],"class_list":["post-25827","page","type-page","status-publish","hentry"],"acf":[],"_links":{"self":[{"href":"https:\/\/action.amnesty.ch\/de\/wp-json\/wp\/v2\/pages\/25827","targetHints":{"allow":["GET"]}}],"collection":[{"href":"https:\/\/action.amnesty.ch\/de\/wp-json\/wp\/v2\/pages"}],"about":[{"href":"https:\/\/action.amnesty.ch\/de\/wp-json\/wp\/v2\/types\/page"}],"author":[{"embeddable":true,"href":"https:\/\/action.amnesty.ch\/de\/wp-json\/wp\/v2\/users\/23"}],"replies":[{"embeddable":true,"href":"https:\/\/action.amnesty.ch\/de\/wp-json\/wp\/v2\/comments?post=25827"}],"version-history":[{"count":0,"href":"https:\/\/action.amnesty.ch\/de\/wp-json\/wp\/v2\/pages\/25827\/revisions"}],"wp:attachment":[{"href":"https:\/\/action.amnesty.ch\/de\/wp-json\/wp\/v2\/media?parent=25827"}],"wp:term":[{"taxonomy":"wf_page_folders","embeddable":true,"href":"https:\/\/action.amnesty.ch\/de\/wp-json\/wp\/v2\/wf_page_folders?post=25827"}],"curies":[{"name":"wp","href":"https:\/\/api.w.org\/{rel}","templated":true}]}}