{"id":25803,"date":"2024-09-13T10:04:54","date_gmt":"2024-09-13T08:04:54","guid":{"rendered":"https:\/\/action.amnesty.ch\/?page_id=25803"},"modified":"2025-02-03T08:38:14","modified_gmt":"2025-02-03T07:38:14","slug":"amnesty-international-briefmarathon-2024","status":"publish","type":"page","link":"https:\/\/action.amnesty.ch\/de\/amnesty-international-briefmarathon-2024\/","title":{"rendered":"Amnesty International | Briefmarathon 2024 | Alle f\u00fcnf"},"content":{"rendered":"","protected":false},"excerpt":{"rendered":"","protected":false},"author":23,"featured_media":0,"parent":0,"menu_order":0,"comment_status":"closed","ping_status":"closed","template":"","meta":{"_acf_changed":false,"_seopress_robots_primary_cat":"","_seopress_titles_title":"Amnesty International | Briefmarathon 2024","_seopress_titles_desc":"Unterst\u00fctzen Sie mit einem Klick f\u00fcnf Personen, die sich f\u00fcr Freiheit, Gerechtigkeit und die Menschenrechte engagieren. Mit dieser einfachen Geste helfen Sie, dass diese Menschenrechtsverteidiger*innen und ihre Anliegen geh\u00f6rt werden.","_seopress_robots_index":"","footnotes":""},"wf_page_folders":[1504],"class_list":["post-25803","page","type-page","status-publish","hentry"],"acf":[],"_links":{"self":[{"href":"https:\/\/action.amnesty.ch\/de\/wp-json\/wp\/v2\/pages\/25803","targetHints":{"allow":["GET"]}}],"collection":[{"href":"https:\/\/action.amnesty.ch\/de\/wp-json\/wp\/v2\/pages"}],"about":[{"href":"https:\/\/action.amnesty.ch\/de\/wp-json\/wp\/v2\/types\/page"}],"author":[{"embeddable":true,"href":"https:\/\/action.amnesty.ch\/de\/wp-json\/wp\/v2\/users\/23"}],"replies":[{"embeddable":true,"href":"https:\/\/action.amnesty.ch\/de\/wp-json\/wp\/v2\/comments?post=25803"}],"version-history":[{"count":0,"href":"https:\/\/action.amnesty.ch\/de\/wp-json\/wp\/v2\/pages\/25803\/revisions"}],"wp:attachment":[{"href":"https:\/\/action.amnesty.ch\/de\/wp-json\/wp\/v2\/media?parent=25803"}],"wp:term":[{"taxonomy":"wf_page_folders","embeddable":true,"href":"https:\/\/action.amnesty.ch\/de\/wp-json\/wp\/v2\/wf_page_folders?post=25803"}],"curies":[{"name":"wp","href":"https:\/\/api.w.org\/{rel}","templated":true}]}}