{"id":20793,"date":"2023-07-10T15:56:07","date_gmt":"2023-07-10T13:56:07","guid":{"rendered":"https:\/\/action.amnesty.ch\/?page_id=20793"},"modified":"2026-04-14T10:16:47","modified_gmt":"2026-04-14T08:16:47","slug":"spendenwelt","status":"publish","type":"page","link":"https:\/\/action.amnesty.ch\/de\/","title":{"rendered":"Spendenwelt | Hauptseite | DE"},"content":{"rendered":"","protected":false},"excerpt":{"rendered":"","protected":false},"author":59,"featured_media":0,"parent":0,"menu_order":0,"comment_status":"closed","ping_status":"closed","template":"","meta":{"_acf_changed":false,"_seopress_robots_primary_cat":"","_seopress_titles_title":"Ihre Spende f\u00fcr die Menschenrechte | Amnesty International","_seopress_titles_desc":"Setzen Sie sich f\u00fcr Freiheit, W\u00fcrde und Gerechtigkeit f\u00fcr alle ein. Mit Ihrer Spende an Amnesty International sch\u00fctzen Sie Menschen und ihre Rechte.","_seopress_robots_index":"","footnotes":""},"wf_page_folders":[1464],"class_list":["post-20793","page","type-page","status-publish","hentry"],"acf":[],"_links":{"self":[{"href":"https:\/\/action.amnesty.ch\/de\/wp-json\/wp\/v2\/pages\/20793","targetHints":{"allow":["GET"]}}],"collection":[{"href":"https:\/\/action.amnesty.ch\/de\/wp-json\/wp\/v2\/pages"}],"about":[{"href":"https:\/\/action.amnesty.ch\/de\/wp-json\/wp\/v2\/types\/page"}],"author":[{"embeddable":true,"href":"https:\/\/action.amnesty.ch\/de\/wp-json\/wp\/v2\/users\/59"}],"replies":[{"embeddable":true,"href":"https:\/\/action.amnesty.ch\/de\/wp-json\/wp\/v2\/comments?post=20793"}],"version-history":[{"count":2,"href":"https:\/\/action.amnesty.ch\/de\/wp-json\/wp\/v2\/pages\/20793\/revisions"}],"predecessor-version":[{"id":32087,"href":"https:\/\/action.amnesty.ch\/de\/wp-json\/wp\/v2\/pages\/20793\/revisions\/32087"}],"wp:attachment":[{"href":"https:\/\/action.amnesty.ch\/de\/wp-json\/wp\/v2\/media?parent=20793"}],"wp:term":[{"taxonomy":"wf_page_folders","embeddable":true,"href":"https:\/\/action.amnesty.ch\/de\/wp-json\/wp\/v2\/wf_page_folders?post=20793"}],"curies":[{"name":"wp","href":"https:\/\/api.w.org\/{rel}","templated":true}]}}