{"id":17376,"date":"2022-10-18T08:05:45","date_gmt":"2022-10-18T06:05:45","guid":{"rendered":"https:\/\/action.amnesty.ch\/?page_id=17376"},"modified":"2023-11-03T13:22:29","modified_gmt":"2023-11-03T12:22:29","slug":"amnesty-international-briefmarathon-2022-yren-rotela-und-mariana-sepulveda","status":"publish","type":"page","link":"https:\/\/action.amnesty.ch\/de\/amnesty-international-briefmarathon-2022-yren-rotela-und-mariana-sepulveda\/","title":{"rendered":"Amnesty International | Briefmarathon 2022 | Yren Rotela und Mariana Sep\u00falveda"},"content":{"rendered":"","protected":false},"excerpt":{"rendered":"","protected":false},"author":23,"featured_media":0,"parent":0,"menu_order":0,"comment_status":"closed","ping_status":"closed","template":"","meta":{"_acf_changed":false,"_seopress_robots_primary_cat":"","_seopress_titles_title":"","_seopress_titles_desc":"Fordern Sie von den Paraguayer Beh\u00f6rden, die Identit\u00e4t von Trans Personen juristisch anzuerkennen, damit diese ihre Rechte aus\u00fcben d\u00fcrfen. \r\n","_seopress_robots_index":"","footnotes":""},"wf_page_folders":[1480],"class_list":["post-17376","page","type-page","status-publish","hentry"],"acf":[],"_links":{"self":[{"href":"https:\/\/action.amnesty.ch\/de\/wp-json\/wp\/v2\/pages\/17376","targetHints":{"allow":["GET"]}}],"collection":[{"href":"https:\/\/action.amnesty.ch\/de\/wp-json\/wp\/v2\/pages"}],"about":[{"href":"https:\/\/action.amnesty.ch\/de\/wp-json\/wp\/v2\/types\/page"}],"author":[{"embeddable":true,"href":"https:\/\/action.amnesty.ch\/de\/wp-json\/wp\/v2\/users\/23"}],"replies":[{"embeddable":true,"href":"https:\/\/action.amnesty.ch\/de\/wp-json\/wp\/v2\/comments?post=17376"}],"version-history":[{"count":0,"href":"https:\/\/action.amnesty.ch\/de\/wp-json\/wp\/v2\/pages\/17376\/revisions"}],"wp:attachment":[{"href":"https:\/\/action.amnesty.ch\/de\/wp-json\/wp\/v2\/media?parent=17376"}],"wp:term":[{"taxonomy":"wf_page_folders","embeddable":true,"href":"https:\/\/action.amnesty.ch\/de\/wp-json\/wp\/v2\/wf_page_folders?post=17376"}],"curies":[{"name":"wp","href":"https:\/\/api.w.org\/{rel}","templated":true}]}}