{"id":16644,"date":"2022-07-12T11:28:06","date_gmt":"2022-07-12T09:28:06","guid":{"rendered":"https:\/\/action.amnesty.ch\/?page_id=16644"},"modified":"2022-07-14T14:40:05","modified_gmt":"2022-07-14T12:40:05","slug":"ukraine-wie-spenden-wirken-de","status":"publish","type":"page","link":"https:\/\/action.amnesty.ch\/de\/ukraine-wie-spenden-wirken-de\/","title":{"rendered":"Jul 2022 | Email 15.07 | Ukraine O. Pokalchuk | DE"},"content":{"rendered":"","protected":false},"excerpt":{"rendered":"","protected":false},"author":59,"featured_media":0,"parent":0,"menu_order":0,"comment_status":"closed","ping_status":"closed","template":"","meta":{"_acf_changed":false,"_seopress_robots_primary_cat":"","_seopress_titles_title":"Amnesty International | Spende f\u00fcr die Ukraine","_seopress_titles_desc":"Helfen Sie uns die Zivilbev\u00f6lkerung zu sch\u00fctzen und Menschenrechtsverletzungen aufdecken.\r\n","_seopress_robots_index":"","footnotes":""},"wf_page_folders":[1465],"class_list":["post-16644","page","type-page","status-publish","hentry"],"acf":[],"_links":{"self":[{"href":"https:\/\/action.amnesty.ch\/de\/wp-json\/wp\/v2\/pages\/16644","targetHints":{"allow":["GET"]}}],"collection":[{"href":"https:\/\/action.amnesty.ch\/de\/wp-json\/wp\/v2\/pages"}],"about":[{"href":"https:\/\/action.amnesty.ch\/de\/wp-json\/wp\/v2\/types\/page"}],"author":[{"embeddable":true,"href":"https:\/\/action.amnesty.ch\/de\/wp-json\/wp\/v2\/users\/59"}],"replies":[{"embeddable":true,"href":"https:\/\/action.amnesty.ch\/de\/wp-json\/wp\/v2\/comments?post=16644"}],"version-history":[{"count":0,"href":"https:\/\/action.amnesty.ch\/de\/wp-json\/wp\/v2\/pages\/16644\/revisions"}],"wp:attachment":[{"href":"https:\/\/action.amnesty.ch\/de\/wp-json\/wp\/v2\/media?parent=16644"}],"wp:term":[{"taxonomy":"wf_page_folders","embeddable":true,"href":"https:\/\/action.amnesty.ch\/de\/wp-json\/wp\/v2\/wf_page_folders?post=16644"}],"curies":[{"name":"wp","href":"https:\/\/api.w.org\/{rel}","templated":true}]}}