{"id":15089,"date":"2022-03-17T15:53:12","date_gmt":"2022-03-17T14:53:12","guid":{"rendered":"https:\/\/action.amnesty.ch\/?page_id=15089"},"modified":"2022-03-30T19:39:45","modified_gmt":"2022-03-30T17:39:45","slug":"ukraine-emergency-spenden-portal-de","status":"publish","type":"page","link":"https:\/\/action.amnesty.ch\/de\/ukraine-emergency-spenden-portal-de\/","title":{"rendered":"March 2022 | Ukraine | Emergency Appeal | StiftungSchweiz Portal | DE"},"content":{"rendered":"","protected":false},"excerpt":{"rendered":"","protected":false},"author":59,"featured_media":0,"parent":0,"menu_order":0,"comment_status":"closed","ping_status":"closed","template":"","meta":{"_acf_changed":false,"_seopress_robots_primary_cat":"","_seopress_titles_title":"Amnesty International | Ukraine | Schutz f\u00fcr die Zivilbev\u00f6lkerung ","_seopress_titles_desc":"Helfen Sie uns die Zivilbev\u00f6lkerung zu sch\u00fctzen und Menschenrechtsverletzungen aufdecken.\r\n","_seopress_robots_index":"","footnotes":""},"wf_page_folders":[1465],"class_list":["post-15089","page","type-page","status-publish","hentry"],"acf":[],"_links":{"self":[{"href":"https:\/\/action.amnesty.ch\/de\/wp-json\/wp\/v2\/pages\/15089","targetHints":{"allow":["GET"]}}],"collection":[{"href":"https:\/\/action.amnesty.ch\/de\/wp-json\/wp\/v2\/pages"}],"about":[{"href":"https:\/\/action.amnesty.ch\/de\/wp-json\/wp\/v2\/types\/page"}],"author":[{"embeddable":true,"href":"https:\/\/action.amnesty.ch\/de\/wp-json\/wp\/v2\/users\/59"}],"replies":[{"embeddable":true,"href":"https:\/\/action.amnesty.ch\/de\/wp-json\/wp\/v2\/comments?post=15089"}],"version-history":[{"count":0,"href":"https:\/\/action.amnesty.ch\/de\/wp-json\/wp\/v2\/pages\/15089\/revisions"}],"wp:attachment":[{"href":"https:\/\/action.amnesty.ch\/de\/wp-json\/wp\/v2\/media?parent=15089"}],"wp:term":[{"taxonomy":"wf_page_folders","embeddable":true,"href":"https:\/\/action.amnesty.ch\/de\/wp-json\/wp\/v2\/wf_page_folders?post=15089"}],"curies":[{"name":"wp","href":"https:\/\/api.w.org\/{rel}","templated":true}]}}