{"id":14793,"date":"2022-03-02T10:24:22","date_gmt":"2022-03-02T09:24:22","guid":{"rendered":"https:\/\/action.amnesty.ch\/?page_id=14793"},"modified":"2022-03-30T19:40:11","modified_gmt":"2022-03-30T17:40:11","slug":"amnesty-international-ukraine-emergency-zff-de","status":"publish","type":"page","link":"https:\/\/action.amnesty.ch\/de\/amnesty-international-ukraine-emergency-zff-de\/","title":{"rendered":"March 2022 | Ukraine | Emergency Appeal | ZFF Spendenaktion 13.03 | DE"},"content":{"rendered":"","protected":false},"excerpt":{"rendered":"","protected":false},"author":59,"featured_media":0,"parent":0,"menu_order":0,"comment_status":"closed","ping_status":"closed","template":"","meta":{"_acf_changed":false,"_seopress_robots_primary_cat":"","_seopress_titles_title":"Amnesty International | Ukraine | Schutz f\u00fcr die Zivilbev\u00f6lkerung ","_seopress_titles_desc":"Helfen Sie uns die Zivilbev\u00f6lkerung zu sch\u00fctzen und Menschenrechtsverletzungen aufdecken.\r\n","_seopress_robots_index":"","footnotes":""},"wf_page_folders":[1465],"class_list":["post-14793","page","type-page","status-publish","hentry"],"acf":[],"_links":{"self":[{"href":"https:\/\/action.amnesty.ch\/de\/wp-json\/wp\/v2\/pages\/14793","targetHints":{"allow":["GET"]}}],"collection":[{"href":"https:\/\/action.amnesty.ch\/de\/wp-json\/wp\/v2\/pages"}],"about":[{"href":"https:\/\/action.amnesty.ch\/de\/wp-json\/wp\/v2\/types\/page"}],"author":[{"embeddable":true,"href":"https:\/\/action.amnesty.ch\/de\/wp-json\/wp\/v2\/users\/59"}],"replies":[{"embeddable":true,"href":"https:\/\/action.amnesty.ch\/de\/wp-json\/wp\/v2\/comments?post=14793"}],"version-history":[{"count":0,"href":"https:\/\/action.amnesty.ch\/de\/wp-json\/wp\/v2\/pages\/14793\/revisions"}],"wp:attachment":[{"href":"https:\/\/action.amnesty.ch\/de\/wp-json\/wp\/v2\/media?parent=14793"}],"wp:term":[{"taxonomy":"wf_page_folders","embeddable":true,"href":"https:\/\/action.amnesty.ch\/de\/wp-json\/wp\/v2\/wf_page_folders?post=14793"}],"curies":[{"name":"wp","href":"https:\/\/api.w.org\/{rel}","templated":true}]}}