{"id":14685,"date":"2022-02-25T15:37:04","date_gmt":"2022-02-25T14:37:04","guid":{"rendered":"https:\/\/action.amnesty.ch\/?page_id=14685"},"modified":"2022-03-30T19:38:37","modified_gmt":"2022-03-30T17:38:37","slug":"amnesty-international-ukraine-emergency-ga","status":"publish","type":"page","link":"https:\/\/action.amnesty.ch\/de\/amnesty-international-ukraine-emergency-ga\/","title":{"rendered":"Feb-March 2022 | Ukraine | Emergency Appeal | Google Ads | DE"},"content":{"rendered":"","protected":false},"excerpt":{"rendered":"","protected":false},"author":59,"featured_media":0,"parent":0,"menu_order":0,"comment_status":"closed","ping_status":"closed","template":"","meta":{"_acf_changed":false,"_seopress_robots_primary_cat":"","_seopress_titles_title":"Amnesty International | Ukraine | Schutz f\u00fcr die Zivilbev\u00f6lkerung ","_seopress_titles_desc":"Helfen Sie uns die Zivilbev\u00f6lkerung zu sch\u00fctzen und Menschenrechtsverletzungen aufdecken.\r\n","_seopress_robots_index":"","footnotes":""},"wf_page_folders":[1465],"class_list":["post-14685","page","type-page","status-publish","hentry"],"acf":[],"_links":{"self":[{"href":"https:\/\/action.amnesty.ch\/de\/wp-json\/wp\/v2\/pages\/14685","targetHints":{"allow":["GET"]}}],"collection":[{"href":"https:\/\/action.amnesty.ch\/de\/wp-json\/wp\/v2\/pages"}],"about":[{"href":"https:\/\/action.amnesty.ch\/de\/wp-json\/wp\/v2\/types\/page"}],"author":[{"embeddable":true,"href":"https:\/\/action.amnesty.ch\/de\/wp-json\/wp\/v2\/users\/59"}],"replies":[{"embeddable":true,"href":"https:\/\/action.amnesty.ch\/de\/wp-json\/wp\/v2\/comments?post=14685"}],"version-history":[{"count":0,"href":"https:\/\/action.amnesty.ch\/de\/wp-json\/wp\/v2\/pages\/14685\/revisions"}],"wp:attachment":[{"href":"https:\/\/action.amnesty.ch\/de\/wp-json\/wp\/v2\/media?parent=14685"}],"wp:term":[{"taxonomy":"wf_page_folders","embeddable":true,"href":"https:\/\/action.amnesty.ch\/de\/wp-json\/wp\/v2\/wf_page_folders?post=14685"}],"curies":[{"name":"wp","href":"https:\/\/api.w.org\/{rel}","templated":true}]}}